{"id":95,"date":"2016-04-06T04:56:08","date_gmt":"2016-04-06T04:56:08","guid":{"rendered":"http:\/\/localhost:8888\/botanik\/?post_type=product&#038;p=95"},"modified":"2021-01-13T14:51:35","modified_gmt":"2021-01-13T14:51:35","slug":"aromatizador-galbano","status":"publish","type":"product","link":"https:\/\/botanik.com.br\/site\/?product=aromatizador-galbano","title":{"rendered":"Aromatizador Spray Galbano 120ml"},"content":{"rendered":"<p>Aroma de maior sucesso dentre os homens. Nele se encontra notas<br \/>\nc\u00edtricas e foug\u00e8re combinadas com ingredientes r\u00fasticos, que d\u00e3o<br \/>\npersonalidade a fragr\u00e2ncia. Trazendo a sensa\u00e7\u00e3o de conforto, carinho e<br \/>\nrelaxamento. (Foug\u00e8re Woody)<\/p>\n","protected":false},"excerpt":{"rendered":"<p>Aroma de maior sucesso dentre os homens. Nele se encontra notas c\u00edtricas e foug\u00e8re combinadas com ingredientes r\u00fasticos, que d\u00e3o personalidade a fragr\u00e2ncia. Trazendo a sensa\u00e7\u00e3o de conforto, carinho e relaxamento. (Foug\u00e8re Woody)<\/p>\n","protected":false},"featured_media":837,"template":"","meta":[],"_links":{"self":[{"href":"https:\/\/botanik.com.br\/site\/index.php?rest_route=\/wp\/v2\/product\/95"}],"collection":[{"href":"https:\/\/botanik.com.br\/site\/index.php?rest_route=\/wp\/v2\/product"}],"about":[{"href":"https:\/\/botanik.com.br\/site\/index.php?rest_route=\/wp\/v2\/types\/product"}],"wp:featuredmedia":[{"embeddable":true,"href":"https:\/\/botanik.com.br\/site\/index.php?rest_route=\/wp\/v2\/media\/837"}],"wp:attachment":[{"href":"https:\/\/botanik.com.br\/site\/index.php?rest_route=%2Fwp%2Fv2%2Fmedia&parent=95"}],"curies":[{"name":"wp","href":"https:\/\/api.w.org\/{rel}","templated":true}]}}