{"id":93,"date":"2016-04-06T04:54:14","date_gmt":"2016-04-06T04:54:14","guid":{"rendered":"http:\/\/localhost:8888\/botanik\/?post_type=product&#038;p=93"},"modified":"2021-01-13T14:51:36","modified_gmt":"2021-01-13T14:51:36","slug":"aromatizador-flor-de-laranjeira","status":"publish","type":"product","link":"https:\/\/botanik.com.br\/site\/?product=aromatizador-flor-de-laranjeira","title":{"rendered":"Aromatizador Spray Flor de Laranjeira 120ml"},"content":{"rendered":"<p>Notas vibrantes de lim\u00e3o e lima, notas frescas e alegres como<br \/>\nLaranja e Jasmim comp\u00f5em este aroma. Uma explos\u00e3o de vivacidade<br \/>\npara renovar suas energias. Traz ao ambiente sensa\u00e7\u00e3o de calma e<br \/>\nrelaxamento. (C\u00edtrica Floral)<\/p>\n","protected":false},"excerpt":{"rendered":"<p>Notas vibrantes de lim\u00e3o e lima, notas frescas e alegres como Laranja e Jasmim comp\u00f5em este aroma. Uma explos\u00e3o de vivacidade para renovar suas energias. Traz ao ambiente sensa\u00e7\u00e3o de calma e relaxamento. (C\u00edtrica Floral)<\/p>\n","protected":false},"featured_media":839,"template":"","meta":[],"_links":{"self":[{"href":"https:\/\/botanik.com.br\/site\/index.php?rest_route=\/wp\/v2\/product\/93"}],"collection":[{"href":"https:\/\/botanik.com.br\/site\/index.php?rest_route=\/wp\/v2\/product"}],"about":[{"href":"https:\/\/botanik.com.br\/site\/index.php?rest_route=\/wp\/v2\/types\/product"}],"wp:featuredmedia":[{"embeddable":true,"href":"https:\/\/botanik.com.br\/site\/index.php?rest_route=\/wp\/v2\/media\/839"}],"wp:attachment":[{"href":"https:\/\/botanik.com.br\/site\/index.php?rest_route=%2Fwp%2Fv2%2Fmedia&parent=93"}],"curies":[{"name":"wp","href":"https:\/\/api.w.org\/{rel}","templated":true}]}}