{"id":92,"date":"2016-04-06T04:53:30","date_gmt":"2016-04-06T04:53:30","guid":{"rendered":"http:\/\/localhost:8888\/botanik\/?post_type=product&#038;p=92"},"modified":"2021-01-13T14:51:36","modified_gmt":"2021-01-13T14:51:36","slug":"aromatizador-flor-de-figueira","status":"publish","type":"product","link":"https:\/\/botanik.com.br\/site\/?product=aromatizador-flor-de-figueira","title":{"rendered":"Aromatizador Spray Flor de Figueira 120ml"},"content":{"rendered":"<p>Pra quem desfila suavidade e frescor, nada melhor que notas de<br \/>\nRosa, Jasmim, Lavanda e Menta. Traz ao ambiente renova\u00e7\u00e3o,<br \/>\nauto confian\u00e7a e relaxamento. (Floral Fresh)<\/p>\n","protected":false},"excerpt":{"rendered":"<p>Pra quem desfila suavidade e frescor, nada melhor que notas de Rosa, Jasmim, Lavanda e Menta. Traz ao ambiente renova\u00e7\u00e3o, auto confian\u00e7a e relaxamento. (Floral Fresh)<\/p>\n","protected":false},"featured_media":840,"template":"","meta":[],"_links":{"self":[{"href":"https:\/\/botanik.com.br\/site\/index.php?rest_route=\/wp\/v2\/product\/92"}],"collection":[{"href":"https:\/\/botanik.com.br\/site\/index.php?rest_route=\/wp\/v2\/product"}],"about":[{"href":"https:\/\/botanik.com.br\/site\/index.php?rest_route=\/wp\/v2\/types\/product"}],"wp:featuredmedia":[{"embeddable":true,"href":"https:\/\/botanik.com.br\/site\/index.php?rest_route=\/wp\/v2\/media\/840"}],"wp:attachment":[{"href":"https:\/\/botanik.com.br\/site\/index.php?rest_route=%2Fwp%2Fv2%2Fmedia&parent=92"}],"curies":[{"name":"wp","href":"https:\/\/api.w.org\/{rel}","templated":true}]}}