{"id":91,"date":"2016-04-06T04:53:01","date_gmt":"2016-04-06T04:53:01","guid":{"rendered":"http:\/\/localhost:8888\/botanik\/?post_type=product&#038;p=91"},"modified":"2021-01-13T14:51:36","modified_gmt":"2021-01-13T14:51:36","slug":"aromatizador-flor-de-cerejeira","status":"publish","type":"product","link":"https:\/\/botanik.com.br\/site\/?product=aromatizador-flor-de-cerejeira","title":{"rendered":"Aromatizador Spray Flor de Cerejeira 120ml"},"content":{"rendered":"<p>Fragr\u00e2ncia suave e delicada. Combina flores como o Jasmim, a Rosa e o<br \/>\nL\u00edrio do Vale com notas frutais de Frutas Vermelhas e P\u00eassego. O aroma<br \/>\nde Flor de Cerejeira proporciona sofistica\u00e7\u00e3o, indicado para pessoas que<br \/>\ngostam de glamour e muita celebra\u00e7\u00e3o. (Floral, Frutal)<\/p>\n","protected":false},"excerpt":{"rendered":"<p>Fragr\u00e2ncia suave e delicada. Combina flores como o Jasmim, a Rosa e o L\u00edrio do Vale com notas frutais de Frutas Vermelhas e P\u00eassego. O aroma de Flor de Cerejeira proporciona sofistica\u00e7\u00e3o, indicado para pessoas que gostam de glamour e muita celebra\u00e7\u00e3o. (Floral, Frutal)<\/p>\n","protected":false},"featured_media":841,"template":"","meta":[],"_links":{"self":[{"href":"https:\/\/botanik.com.br\/site\/index.php?rest_route=\/wp\/v2\/product\/91"}],"collection":[{"href":"https:\/\/botanik.com.br\/site\/index.php?rest_route=\/wp\/v2\/product"}],"about":[{"href":"https:\/\/botanik.com.br\/site\/index.php?rest_route=\/wp\/v2\/types\/product"}],"wp:featuredmedia":[{"embeddable":true,"href":"https:\/\/botanik.com.br\/site\/index.php?rest_route=\/wp\/v2\/media\/841"}],"wp:attachment":[{"href":"https:\/\/botanik.com.br\/site\/index.php?rest_route=%2Fwp%2Fv2%2Fmedia&parent=91"}],"curies":[{"name":"wp","href":"https:\/\/api.w.org\/{rel}","templated":true}]}}