{"id":90,"date":"2016-04-06T04:52:19","date_gmt":"2016-04-06T04:52:19","guid":{"rendered":"http:\/\/localhost:8888\/botanik\/?post_type=product&#038;p=90"},"modified":"2021-01-13T14:51:36","modified_gmt":"2021-01-13T14:51:36","slug":"aromatizador-fantasy","status":"publish","type":"product","link":"https:\/\/botanik.com.br\/site\/?product=aromatizador-fantasy","title":{"rendered":"Aromatizador Spray Fantasy 120ml"},"content":{"rendered":"<p>Romance, delicadeza e feminilidade combinam com os acordes<br \/>\nflorais de Fantasy, tais como: Jasmim, L\u00edrio do Vale, P\u00eassego, Violeta,<br \/>\nMa\u00e7\u00e3 e Chocolate. Trazendo ao ambiente sensa\u00e7\u00e3o de relaxamento<br \/>\ne bem-estar. (Floral Frutal)<\/p>\n","protected":false},"excerpt":{"rendered":"<p>O Aromatizador Spray Fantasy Botanik Kosmetics traz ao ambiente a sensa\u00e7\u00e3o de relaxamento e bem estar. Romance, delicadeza e feminilidade combinam com os acordes florais de Fantasy, tais como Jasmim, L\u00edrio do Vale, P\u00eassego, Violeta, Ma\u00e7\u00e3 e Chocolate..<\/p>\n","protected":false},"featured_media":842,"template":"","meta":[],"_links":{"self":[{"href":"https:\/\/botanik.com.br\/site\/index.php?rest_route=\/wp\/v2\/product\/90"}],"collection":[{"href":"https:\/\/botanik.com.br\/site\/index.php?rest_route=\/wp\/v2\/product"}],"about":[{"href":"https:\/\/botanik.com.br\/site\/index.php?rest_route=\/wp\/v2\/types\/product"}],"wp:featuredmedia":[{"embeddable":true,"href":"https:\/\/botanik.com.br\/site\/index.php?rest_route=\/wp\/v2\/media\/842"}],"wp:attachment":[{"href":"https:\/\/botanik.com.br\/site\/index.php?rest_route=%2Fwp%2Fv2%2Fmedia&parent=90"}],"curies":[{"name":"wp","href":"https:\/\/api.w.org\/{rel}","templated":true}]}}