{"id":894,"date":"2016-11-25T03:13:13","date_gmt":"2016-11-25T03:13:13","guid":{"rendered":"http:\/\/botanik.com.br\/site\/?post_type=product&#038;p=894"},"modified":"2021-01-13T14:54:18","modified_gmt":"2021-01-13T14:54:18","slug":"difusor-de-varetas-maca-com-canela","status":"publish","type":"product","link":"https:\/\/botanik.com.br\/site\/?product=difusor-de-varetas-maca-com-canela","title":{"rendered":"Difusor de Varetas Ma\u00e7\u00e3 com Canela 350ml"},"content":{"rendered":"<p>Uma combina\u00e7\u00e3o quente e impressionante de especiarias como Canela,<br \/>\nCravo, Musk e flores d\u00e3o origem a um perfume ex\u00f3tico e marcante, cheio<br \/>\nde glamour. Excelente para neutralizar aromas indesej\u00e1veis, com efeito<br \/>\nestimulante e energizante. (Spicy)<\/p>\n","protected":false},"excerpt":{"rendered":"<p>Uma combina\u00e7\u00e3o quente e impressionante de especiarias como Canela, Cravo, Musk e flores d\u00e3o origem a um perfume ex\u00f3tico e marcante, cheio de glamour. Excelente para neutralizar aromas indesej\u00e1veis, com efeito estimulante e energizante. (Spicy)<\/p>\n","protected":false},"featured_media":867,"template":"","meta":[],"_links":{"self":[{"href":"https:\/\/botanik.com.br\/site\/index.php?rest_route=\/wp\/v2\/product\/894"}],"collection":[{"href":"https:\/\/botanik.com.br\/site\/index.php?rest_route=\/wp\/v2\/product"}],"about":[{"href":"https:\/\/botanik.com.br\/site\/index.php?rest_route=\/wp\/v2\/types\/product"}],"wp:featuredmedia":[{"embeddable":true,"href":"https:\/\/botanik.com.br\/site\/index.php?rest_route=\/wp\/v2\/media\/867"}],"wp:attachment":[{"href":"https:\/\/botanik.com.br\/site\/index.php?rest_route=%2Fwp%2Fv2%2Fmedia&parent=894"}],"curies":[{"name":"wp","href":"https:\/\/api.w.org\/{rel}","templated":true}]}}