{"id":892,"date":"2016-11-25T03:10:16","date_gmt":"2016-11-25T03:10:16","guid":{"rendered":"http:\/\/botanik.com.br\/site\/?post_type=product&#038;p=892"},"modified":"2021-01-13T14:54:18","modified_gmt":"2021-01-13T14:54:18","slug":"difusor-de-varetas-green-herbs","status":"publish","type":"product","link":"https:\/\/botanik.com.br\/site\/?product=difusor-de-varetas-green-herbs","title":{"rendered":"Difusor de Varetas Green Herbs 350ml"},"content":{"rendered":"<p>Fragr\u00e2ncia moderna que transmite sensa\u00e7\u00e3o de leveza com o<br \/>\nMorango Verde juntamente com a Laranja e o L\u00edrio do Vale, trazendo<br \/>\nassim suavidade, alegria e relaxamento ao ambiente. (Verde Floral)<\/p>\n","protected":false},"excerpt":{"rendered":"<p>Fragr\u00e2ncia moderna que transmite sensa\u00e7\u00e3o de leveza com o Morango Verde juntamente com a Laranja e o L\u00edrio do Vale, trazendo assim suavidade, alegria e relaxamento ao ambiente. (Verde Floral)<\/p>\n","protected":false},"featured_media":869,"template":"","meta":[],"_links":{"self":[{"href":"https:\/\/botanik.com.br\/site\/index.php?rest_route=\/wp\/v2\/product\/892"}],"collection":[{"href":"https:\/\/botanik.com.br\/site\/index.php?rest_route=\/wp\/v2\/product"}],"about":[{"href":"https:\/\/botanik.com.br\/site\/index.php?rest_route=\/wp\/v2\/types\/product"}],"wp:featuredmedia":[{"embeddable":true,"href":"https:\/\/botanik.com.br\/site\/index.php?rest_route=\/wp\/v2\/media\/869"}],"wp:attachment":[{"href":"https:\/\/botanik.com.br\/site\/index.php?rest_route=%2Fwp%2Fv2%2Fmedia&parent=892"}],"curies":[{"name":"wp","href":"https:\/\/api.w.org\/{rel}","templated":true}]}}