{"id":89,"date":"2016-04-06T04:51:28","date_gmt":"2016-04-06T04:51:28","guid":{"rendered":"http:\/\/localhost:8888\/botanik\/?post_type=product&#038;p=89"},"modified":"2021-01-13T14:51:36","modified_gmt":"2021-01-13T14:51:36","slug":"aromatizador-citrus","status":"publish","type":"product","link":"https:\/\/botanik.com.br\/site\/?product=aromatizador-citrus","title":{"rendered":"Aromatizador Spray Citrus 120ml"},"content":{"rendered":"<p>Um aroma revigorante, refrescante e relaxante que ir\u00e1 alegrar sua<br \/>\ncasa, trazendo boas vibra\u00e7\u00f5es e otimismo. Os c\u00edtricos marcam<br \/>\npresen\u00e7a com notas de Lim\u00e3o, Menta, Violeta, Ma\u00e7\u00e3 e P\u00eassego<br \/>\ne algumas notas de madeira, como o Cedro. (Floral Fresh)<\/p>\n","protected":false},"excerpt":{"rendered":"<p>Um aroma revigorante, refrescante e relaxante que ir\u00e1 alegrar sua casa, trazendo boas vibra\u00e7\u00f5es e otimismo. Os c\u00edtricos marcam presen\u00e7a com notas de Lim\u00e3o, Menta, Violeta, Ma\u00e7\u00e3 e P\u00eassego e algumas notas de madeira, como o Cedro. (Floral Fresh)<\/p>\n","protected":false},"featured_media":843,"template":"","meta":[],"_links":{"self":[{"href":"https:\/\/botanik.com.br\/site\/index.php?rest_route=\/wp\/v2\/product\/89"}],"collection":[{"href":"https:\/\/botanik.com.br\/site\/index.php?rest_route=\/wp\/v2\/product"}],"about":[{"href":"https:\/\/botanik.com.br\/site\/index.php?rest_route=\/wp\/v2\/types\/product"}],"wp:featuredmedia":[{"embeddable":true,"href":"https:\/\/botanik.com.br\/site\/index.php?rest_route=\/wp\/v2\/media\/843"}],"wp:attachment":[{"href":"https:\/\/botanik.com.br\/site\/index.php?rest_route=%2Fwp%2Fv2%2Fmedia&parent=89"}],"curies":[{"name":"wp","href":"https:\/\/api.w.org\/{rel}","templated":true}]}}