{"id":888,"date":"2016-11-25T03:05:56","date_gmt":"2016-11-25T03:05:56","guid":{"rendered":"http:\/\/botanik.com.br\/site\/?post_type=product&#038;p=888"},"modified":"2021-01-13T14:54:19","modified_gmt":"2021-01-13T14:54:19","slug":"difusor-de-varetas-flor-de-cerejeira","status":"publish","type":"product","link":"https:\/\/botanik.com.br\/site\/?product=difusor-de-varetas-flor-de-cerejeira","title":{"rendered":"Difusor de Varetas Flor de Cerejeira 350ml"},"content":{"rendered":"<p>Fragr\u00e2ncia suave e delicada. Combina flores como o Jasmim, a Rosa e o<br \/>\nL\u00edrio do Vale com notas frutais de Frutas Vermelhas e P\u00eassego. O aroma<br \/>\nde Flor de Cerejeira proporciona sofistica\u00e7\u00e3o, indicado para pessoas que<br \/>\ngostam de glamour e muita celebra\u00e7\u00e3o. (Floral, Frutal)<\/p>\n","protected":false},"excerpt":{"rendered":"<p>Fragr\u00e2ncia suave e delicada. Combina flores como o Jasmim, a Rosa e o L\u00edrio do Vale com notas frutais de Frutas Vermelhas e P\u00eassego. O aroma de Flor de Cerejeira proporciona sofistica\u00e7\u00e3o, indicado para pessoas que gostam de glamour e muita celebra\u00e7\u00e3o. (Floral, Frutal)<\/p>\n","protected":false},"featured_media":873,"template":"","meta":[],"_links":{"self":[{"href":"https:\/\/botanik.com.br\/site\/index.php?rest_route=\/wp\/v2\/product\/888"}],"collection":[{"href":"https:\/\/botanik.com.br\/site\/index.php?rest_route=\/wp\/v2\/product"}],"about":[{"href":"https:\/\/botanik.com.br\/site\/index.php?rest_route=\/wp\/v2\/types\/product"}],"wp:featuredmedia":[{"embeddable":true,"href":"https:\/\/botanik.com.br\/site\/index.php?rest_route=\/wp\/v2\/media\/873"}],"wp:attachment":[{"href":"https:\/\/botanik.com.br\/site\/index.php?rest_route=%2Fwp%2Fv2%2Fmedia&parent=888"}],"curies":[{"name":"wp","href":"https:\/\/api.w.org\/{rel}","templated":true}]}}