{"id":885,"date":"2016-11-25T03:01:30","date_gmt":"2016-11-25T03:01:30","guid":{"rendered":"http:\/\/botanik.com.br\/site\/?post_type=product&#038;p=885"},"modified":"2021-01-13T14:54:19","modified_gmt":"2021-01-13T14:54:19","slug":"difusor-de-varetas-capim-cidreira","status":"publish","type":"product","link":"https:\/\/botanik.com.br\/site\/?product=difusor-de-varetas-capim-cidreira","title":{"rendered":"Difusor de Varetas Capim Cidreira 350ml"},"content":{"rendered":"<p>Um coquetel onde a fragr\u00e2ncia mistura aromas c\u00edtricos como:<br \/>\nLim\u00e3o e Laranja com um toque floral de Lavanda e Verbena,<br \/>\ntrazendo ao ambiente sensa\u00e7\u00e3o de frescor e relaxamento. Al\u00e9m de<br \/>\nestimular o racioc\u00ednio, a mem\u00f3ria e o alinhamento de ideias. (C\u00edtrica Spice)<\/p>\n","protected":false},"excerpt":{"rendered":"<p>Um coquetel onde a fragr\u00e2ncia mistura aromas c\u00edtricos como: Lim\u00e3o e Laranja com um toque floral de Lavanda e Verbena, trazendo ao ambiente sensa\u00e7\u00e3o de frescor e relaxamento. Al\u00e9m de estimular o racioc\u00ednio, a mem\u00f3ria e o alinhamento de ideias. (C\u00edtrica Spice)<\/p>\n","protected":false},"featured_media":877,"template":"","meta":[],"_links":{"self":[{"href":"https:\/\/botanik.com.br\/site\/index.php?rest_route=\/wp\/v2\/product\/885"}],"collection":[{"href":"https:\/\/botanik.com.br\/site\/index.php?rest_route=\/wp\/v2\/product"}],"about":[{"href":"https:\/\/botanik.com.br\/site\/index.php?rest_route=\/wp\/v2\/types\/product"}],"wp:featuredmedia":[{"embeddable":true,"href":"https:\/\/botanik.com.br\/site\/index.php?rest_route=\/wp\/v2\/media\/877"}],"wp:attachment":[{"href":"https:\/\/botanik.com.br\/site\/index.php?rest_route=%2Fwp%2Fv2%2Fmedia&parent=885"}],"curies":[{"name":"wp","href":"https:\/\/api.w.org\/{rel}","templated":true}]}}