{"id":884,"date":"2016-11-25T03:00:17","date_gmt":"2016-11-25T03:00:17","guid":{"rendered":"http:\/\/botanik.com.br\/site\/?post_type=product&#038;p=884"},"modified":"2021-01-13T14:54:19","modified_gmt":"2021-01-13T14:54:19","slug":"difusor-de-varetas-black-rose","status":"publish","type":"product","link":"https:\/\/botanik.com.br\/site\/?product=difusor-de-varetas-black-rose","title":{"rendered":"Difusor de Varetas Black Rose 350ml"},"content":{"rendered":"<p>Da do\u00e7ura do L\u00edrio do Vale a delicadeza da Rosa e Jasmim e um<br \/>\ntoque frutal de P\u00eassego, Framboesa e Bergamota. Pode ser fresco<br \/>\ne doce, sempre evocam delicadeza, romance e amor. (Floral Bouquet)<\/p>\n","protected":false},"excerpt":{"rendered":"<p>O Aromatizador de Ambientes Spray Black Rose Botanik Kosmetics vai da do\u00e7ura do L\u00edrio do Vale \u00e0 delicadeza da Rosa e do Jasmim, com um toque frutal de P\u00eassego, Framboesa e Bergamota.<\/p>\n<p>Pode ser fresco e doce, mas sempre evoca delicadeza, romance e amor.<\/p>\n<p>Experimente!<\/p>\n","protected":false},"featured_media":878,"template":"","meta":[],"_links":{"self":[{"href":"https:\/\/botanik.com.br\/site\/index.php?rest_route=\/wp\/v2\/product\/884"}],"collection":[{"href":"https:\/\/botanik.com.br\/site\/index.php?rest_route=\/wp\/v2\/product"}],"about":[{"href":"https:\/\/botanik.com.br\/site\/index.php?rest_route=\/wp\/v2\/types\/product"}],"wp:featuredmedia":[{"embeddable":true,"href":"https:\/\/botanik.com.br\/site\/index.php?rest_route=\/wp\/v2\/media\/878"}],"wp:attachment":[{"href":"https:\/\/botanik.com.br\/site\/index.php?rest_route=%2Fwp%2Fv2%2Fmedia&parent=884"}],"curies":[{"name":"wp","href":"https:\/\/api.w.org\/{rel}","templated":true}]}}