{"id":88,"date":"2016-04-06T04:50:28","date_gmt":"2016-04-06T04:50:28","guid":{"rendered":"http:\/\/localhost:8888\/botanik\/?post_type=product&#038;p=88"},"modified":"2021-01-13T14:51:36","modified_gmt":"2021-01-13T14:51:36","slug":"aromatizador-capim-cidreira","status":"publish","type":"product","link":"https:\/\/botanik.com.br\/site\/?product=aromatizador-capim-cidreira","title":{"rendered":"Aromatizador Spray Capim Cidreira 120ml"},"content":{"rendered":"<p>Um coquetel onde a fragr\u00e2ncia mistura aromas c\u00edtricos como:<br \/>\nLim\u00e3o e Laranja com um toque floral de Lavanda e Verbena,<br \/>\ntrazendo ao ambiente sensa\u00e7\u00e3o de frescor e relaxamento. Al\u00e9m de<br \/>\nestimular o racioc\u00ednio, a mem\u00f3ria e o alinhamento de ideias. (C\u00edtrica Spice)<\/p>\n","protected":false},"excerpt":{"rendered":"<p>Um coquetel onde a fragr\u00e2ncia mistura aromas c\u00edtricos como: Lim\u00e3o e Laranja com um toque floral de Lavanda e Verbena, trazendo ao ambiente sensa\u00e7\u00e3o de frescor e relaxamento. Al\u00e9m de estimular o racioc\u00ednio, a mem\u00f3ria e o alinhamento de ideias. (C\u00edtrica Spice)<\/p>\n","protected":false},"featured_media":844,"template":"","meta":[],"_links":{"self":[{"href":"https:\/\/botanik.com.br\/site\/index.php?rest_route=\/wp\/v2\/product\/88"}],"collection":[{"href":"https:\/\/botanik.com.br\/site\/index.php?rest_route=\/wp\/v2\/product"}],"about":[{"href":"https:\/\/botanik.com.br\/site\/index.php?rest_route=\/wp\/v2\/types\/product"}],"wp:featuredmedia":[{"embeddable":true,"href":"https:\/\/botanik.com.br\/site\/index.php?rest_route=\/wp\/v2\/media\/844"}],"wp:attachment":[{"href":"https:\/\/botanik.com.br\/site\/index.php?rest_route=%2Fwp%2Fv2%2Fmedia&parent=88"}],"curies":[{"name":"wp","href":"https:\/\/api.w.org\/{rel}","templated":true}]}}