{"id":87,"date":"2016-04-06T04:49:42","date_gmt":"2016-04-06T04:49:42","guid":{"rendered":"http:\/\/localhost:8888\/botanik\/?post_type=product&#038;p=87"},"modified":"2021-01-13T14:51:37","modified_gmt":"2021-01-13T14:51:37","slug":"aromatizador-black-rose","status":"publish","type":"product","link":"https:\/\/botanik.com.br\/site\/?product=aromatizador-black-rose","title":{"rendered":"Aromatizador Spray Black Rose 120ml"},"content":{"rendered":"<p>Da do\u00e7ura do L\u00edrio do Vale a delicadeza da Rosa e Jasmim e um<br \/>\ntoque frutal de P\u00eassego, Framboesa e Bergamota. Pode ser fresco<br \/>\ne doce, mas sempre evoca delicadeza, romance e amor. (Floral Bouquet)<\/p>\n","protected":false},"excerpt":{"rendered":"<p>O Aromatizador de Ambientes Spray Black Rose Botanik Kosmetics vai da do\u00e7ura do L\u00edrio do Vale \u00e0 delicadeza da Rosa e do Jasmim, com um toque frutal de P\u00eassego, Framboesa e Bergamota.<\/p>\n<p>Pode ser fresco e doce, mas sempre evoca delicadeza, romance e amor.<\/p>\n<p>Experimente!<\/p>\n","protected":false},"featured_media":845,"template":"","meta":[],"_links":{"self":[{"href":"https:\/\/botanik.com.br\/site\/index.php?rest_route=\/wp\/v2\/product\/87"}],"collection":[{"href":"https:\/\/botanik.com.br\/site\/index.php?rest_route=\/wp\/v2\/product"}],"about":[{"href":"https:\/\/botanik.com.br\/site\/index.php?rest_route=\/wp\/v2\/types\/product"}],"wp:featuredmedia":[{"embeddable":true,"href":"https:\/\/botanik.com.br\/site\/index.php?rest_route=\/wp\/v2\/media\/845"}],"wp:attachment":[{"href":"https:\/\/botanik.com.br\/site\/index.php?rest_route=%2Fwp%2Fv2%2Fmedia&parent=87"}],"curies":[{"name":"wp","href":"https:\/\/api.w.org\/{rel}","templated":true}]}}