{"id":86,"date":"2016-04-06T04:44:52","date_gmt":"2016-04-06T04:44:52","guid":{"rendered":"http:\/\/localhost:8888\/botanik\/?post_type=product&#038;p=86"},"modified":"2021-01-13T14:51:37","modified_gmt":"2021-01-13T14:51:37","slug":"aromatizador-barril-de-carvalho","status":"publish","type":"product","link":"https:\/\/botanik.com.br\/site\/?product=aromatizador-barril-de-carvalho","title":{"rendered":"Aromatizador Spray Barril de Carvalho 120ml"},"content":{"rendered":"<p>Contradit\u00f3ria e intensa, essa combina\u00e7\u00e3o \u00fanica de Bergamota,<br \/>\nLim\u00e3o, Anis e Lavanda refletem exuber\u00e2ncia e uma personalidade<br \/>\n\u00fanica, com notas amadeiradas de Cedro e Patchouli. Seu aroma \u00e9<br \/>\nconsiderado calmante e afrodis\u00edaco. (Foug\u00e8re Amadeirado)<\/p>\n","protected":false},"excerpt":{"rendered":"<p>Contradit\u00f3ria e intensa, essa combina\u00e7\u00e3o \u00fanica de Bergamota, Lim\u00e3o, Anis e Lavanda refletem exuber\u00e2ncia e uma personalidade \u00fanica, com notas amadeiradas de Cedro e Patchouli. Seu aroma \u00e9 considerado calmante e afrodis\u00edaco. (Foug\u00e8re Amadeirado)<\/p>\n","protected":false},"featured_media":846,"template":"","meta":[],"_links":{"self":[{"href":"https:\/\/botanik.com.br\/site\/index.php?rest_route=\/wp\/v2\/product\/86"}],"collection":[{"href":"https:\/\/botanik.com.br\/site\/index.php?rest_route=\/wp\/v2\/product"}],"about":[{"href":"https:\/\/botanik.com.br\/site\/index.php?rest_route=\/wp\/v2\/types\/product"}],"wp:featuredmedia":[{"embeddable":true,"href":"https:\/\/botanik.com.br\/site\/index.php?rest_route=\/wp\/v2\/media\/846"}],"wp:attachment":[{"href":"https:\/\/botanik.com.br\/site\/index.php?rest_route=%2Fwp%2Fv2%2Fmedia&parent=86"}],"curies":[{"name":"wp","href":"https:\/\/api.w.org\/{rel}","templated":true}]}}