{"id":849,"date":"2016-11-25T02:46:35","date_gmt":"2016-11-25T02:46:35","guid":{"rendered":"http:\/\/botanik.com.br\/site\/?post_type=product&#038;p=849"},"modified":"2021-01-13T14:54:20","modified_gmt":"2021-01-13T14:54:20","slug":"difusor-de-varetas-ambar","status":"publish","type":"product","link":"https:\/\/botanik.com.br\/site\/?product=difusor-de-varetas-ambar","title":{"rendered":"Difusor de Varetas Ambar 350ml"},"content":{"rendered":"<p>Aroma penetrante com acordes amadeirados de S\u00e2ndalo,<br \/>\nPitchouli, Vetiver e os florais: Rosa, Jasmim, Coco e Lavanda,<br \/>\nque remetem conforto e sensa\u00e7\u00e3o de eleg\u00e2ncia, frescor e sedu\u00e7\u00e3o.<br \/>\n(Amadeirado Bals\u00e2mico)<\/p>\n","protected":false},"excerpt":{"rendered":"<p>O Aromatizador de Ambientes Spray Ambar Botanik Kosmetics tem aroma penetrante, com acordes amadeirados de S\u00e2ndalo, Pitchouli, Vetiver e os florais Rosa, Jasmim, Coco e Lavanda, que remetem conforto e sensa\u00e7\u00e3o de eleg\u00e2ncia, frescor e sedu\u00e7\u00e3o.<\/p>\n","protected":false},"featured_media":881,"template":"","meta":[],"_links":{"self":[{"href":"https:\/\/botanik.com.br\/site\/index.php?rest_route=\/wp\/v2\/product\/849"}],"collection":[{"href":"https:\/\/botanik.com.br\/site\/index.php?rest_route=\/wp\/v2\/product"}],"about":[{"href":"https:\/\/botanik.com.br\/site\/index.php?rest_route=\/wp\/v2\/types\/product"}],"wp:featuredmedia":[{"embeddable":true,"href":"https:\/\/botanik.com.br\/site\/index.php?rest_route=\/wp\/v2\/media\/881"}],"wp:attachment":[{"href":"https:\/\/botanik.com.br\/site\/index.php?rest_route=%2Fwp%2Fv2%2Fmedia&parent=849"}],"curies":[{"name":"wp","href":"https:\/\/api.w.org\/{rel}","templated":true}]}}