{"id":84,"date":"2016-04-06T04:42:27","date_gmt":"2016-04-06T04:42:27","guid":{"rendered":"http:\/\/localhost:8888\/botanik\/?post_type=product&#038;p=84"},"modified":"2021-01-13T14:51:37","modified_gmt":"2021-01-13T14:51:37","slug":"aromatizador-ambar","status":"publish","type":"product","link":"https:\/\/botanik.com.br\/site\/?product=aromatizador-ambar","title":{"rendered":"Aromatizador Spray Ambar 120ml"},"content":{"rendered":"<p>Aroma penetrante com acordes amadeirados de S\u00e2ndalo,<br \/>\nPitchouli, Vetiver e os florais: Rosa, Jasmim, Coco e Lavanda,<br \/>\nque remetem conforto e sensa\u00e7\u00e3o de eleg\u00e2ncia, frescor e sedu\u00e7\u00e3o.<br \/>\n(Amadeirado Bals\u00e2mico)<\/p>\n","protected":false},"excerpt":{"rendered":"<p>O Aromatizador de Ambientes Spray Ambar Botanik Kosmetics tem aroma penetrante, com acordes amadeirados de S\u00e2ndalo, Pitchouli, Vetiver e os florais Rosa, Jasmim, Coco e Lavanda, que remetem conforto e sensa\u00e7\u00e3o de eleg\u00e2ncia, frescor e sedu\u00e7\u00e3o.<\/p>\n","protected":false},"featured_media":827,"template":"","meta":[],"_links":{"self":[{"href":"https:\/\/botanik.com.br\/site\/index.php?rest_route=\/wp\/v2\/product\/84"}],"collection":[{"href":"https:\/\/botanik.com.br\/site\/index.php?rest_route=\/wp\/v2\/product"}],"about":[{"href":"https:\/\/botanik.com.br\/site\/index.php?rest_route=\/wp\/v2\/types\/product"}],"wp:featuredmedia":[{"embeddable":true,"href":"https:\/\/botanik.com.br\/site\/index.php?rest_route=\/wp\/v2\/media\/827"}],"wp:attachment":[{"href":"https:\/\/botanik.com.br\/site\/index.php?rest_route=%2Fwp%2Fv2%2Fmedia&parent=84"}],"curies":[{"name":"wp","href":"https:\/\/api.w.org\/{rel}","templated":true}]}}