{"id":33,"date":"2016-04-05T02:38:42","date_gmt":"2016-04-05T02:38:42","guid":{"rendered":"http:\/\/localhost:8888\/botanik\/?post_type=product&#038;p=16"},"modified":"2021-01-13T16:35:44","modified_gmt":"2021-01-13T16:35:44","slug":"shampoo-fitoenergizante","status":"publish","type":"product","link":"https:\/\/botanik.com.br\/site\/?product=shampoo-fitoenergizante","title":{"rendered":"Shampoo Fitoenergizante 250ml"},"content":{"rendered":"","protected":false},"excerpt":{"rendered":"<p>Produto antioxidante e antipolui\u00e7\u00e3o formulado com extrato de lim\u00e3o, uva e laranja vermelha.<\/p>\n","protected":false},"featured_media":918,"template":"","meta":[],"_links":{"self":[{"href":"https:\/\/botanik.com.br\/site\/index.php?rest_route=\/wp\/v2\/product\/33"}],"collection":[{"href":"https:\/\/botanik.com.br\/site\/index.php?rest_route=\/wp\/v2\/product"}],"about":[{"href":"https:\/\/botanik.com.br\/site\/index.php?rest_route=\/wp\/v2\/types\/product"}],"wp:featuredmedia":[{"embeddable":true,"href":"https:\/\/botanik.com.br\/site\/index.php?rest_route=\/wp\/v2\/media\/918"}],"wp:attachment":[{"href":"https:\/\/botanik.com.br\/site\/index.php?rest_route=%2Fwp%2Fv2%2Fmedia&parent=33"}],"curies":[{"name":"wp","href":"https:\/\/api.w.org\/{rel}","templated":true}]}}