{"id":32,"date":"2016-04-05T02:36:13","date_gmt":"2016-04-05T02:36:13","guid":{"rendered":"http:\/\/localhost:8888\/botanik\/?post_type=product&#038;p=9"},"modified":"2021-01-13T16:35:44","modified_gmt":"2021-01-13T16:35:44","slug":"seborregulador","status":"publish","type":"product","link":"https:\/\/botanik.com.br\/site\/?product=seborregulador","title":{"rendered":"Serum Controle da Oleosidade 60ml"},"content":{"rendered":"","protected":false},"excerpt":{"rendered":"<p>Desenvolvido com ativos multifuncionais, antioxidantes que combatem o excesso de oleosidade, enfraquecimento e queda capilar. Cont\u00e9m extrato de lim\u00e3o, s\u00e1lvia e pimenta.<\/p>\n","protected":false},"featured_media":1737,"template":"","meta":[],"_links":{"self":[{"href":"https:\/\/botanik.com.br\/site\/index.php?rest_route=\/wp\/v2\/product\/32"}],"collection":[{"href":"https:\/\/botanik.com.br\/site\/index.php?rest_route=\/wp\/v2\/product"}],"about":[{"href":"https:\/\/botanik.com.br\/site\/index.php?rest_route=\/wp\/v2\/types\/product"}],"wp:featuredmedia":[{"embeddable":true,"href":"https:\/\/botanik.com.br\/site\/index.php?rest_route=\/wp\/v2\/media\/1737"}],"wp:attachment":[{"href":"https:\/\/botanik.com.br\/site\/index.php?rest_route=%2Fwp%2Fv2%2Fmedia&parent=32"}],"curies":[{"name":"wp","href":"https:\/\/api.w.org\/{rel}","templated":true}]}}