{"id":1816,"date":"2020-05-26T14:07:04","date_gmt":"2020-05-26T14:07:04","guid":{"rendered":"http:\/\/botanik.com.br\/site\/?post_type=product&#038;p=1816"},"modified":"2020-11-04T14:11:42","modified_gmt":"2020-11-04T14:11:42","slug":"locao-manutencao-do-bronzeado-brazil-gold-150g","status":"publish","type":"product","link":"https:\/\/botanik.com.br\/site\/?product=locao-manutencao-do-bronzeado-brazil-gold-150g","title":{"rendered":"Lo\u00e7\u00e3o Manuten\u00e7\u00e3o do Bronzeado Brazil Gold 150g"},"content":{"rendered":"","protected":false},"excerpt":{"rendered":"<p>Uma lo\u00e7\u00e3o desenvolvida para manter o seu bronzeado o prolongando por ainda mais tempo.<\/p>\n","protected":false},"featured_media":1817,"template":"","meta":[],"_links":{"self":[{"href":"https:\/\/botanik.com.br\/site\/index.php?rest_route=\/wp\/v2\/product\/1816"}],"collection":[{"href":"https:\/\/botanik.com.br\/site\/index.php?rest_route=\/wp\/v2\/product"}],"about":[{"href":"https:\/\/botanik.com.br\/site\/index.php?rest_route=\/wp\/v2\/types\/product"}],"wp:featuredmedia":[{"embeddable":true,"href":"https:\/\/botanik.com.br\/site\/index.php?rest_route=\/wp\/v2\/media\/1817"}],"wp:attachment":[{"href":"https:\/\/botanik.com.br\/site\/index.php?rest_route=%2Fwp%2Fv2%2Fmedia&parent=1816"}],"curies":[{"name":"wp","href":"https:\/\/api.w.org\/{rel}","templated":true}]}}