{"id":1814,"date":"2020-05-26T14:09:03","date_gmt":"2020-05-26T14:09:03","guid":{"rendered":"http:\/\/botanik.com.br\/site\/?post_type=product&#038;p=1814"},"modified":"2021-01-13T14:30:49","modified_gmt":"2021-01-13T14:30:49","slug":"gel-esfoliante-corporal-brazil-gold-100g","status":"publish","type":"product","link":"https:\/\/botanik.com.br\/site\/?product=gel-esfoliante-corporal-brazil-gold-100g","title":{"rendered":"Gel Esfoliante Corporal Brazil Gold 100g"},"content":{"rendered":"","protected":false},"excerpt":{"rendered":"<p>Gel desenvolvido para esfolia\u00e7\u00e3o pr\u00e9-bronze, hidrata e renova a pele garantindo melhor fixa\u00e7\u00e3o do bronzeado.<\/p>\n","protected":false},"featured_media":1815,"template":"","meta":[],"_links":{"self":[{"href":"https:\/\/botanik.com.br\/site\/index.php?rest_route=\/wp\/v2\/product\/1814"}],"collection":[{"href":"https:\/\/botanik.com.br\/site\/index.php?rest_route=\/wp\/v2\/product"}],"about":[{"href":"https:\/\/botanik.com.br\/site\/index.php?rest_route=\/wp\/v2\/types\/product"}],"wp:featuredmedia":[{"embeddable":true,"href":"https:\/\/botanik.com.br\/site\/index.php?rest_route=\/wp\/v2\/media\/1815"}],"wp:attachment":[{"href":"https:\/\/botanik.com.br\/site\/index.php?rest_route=%2Fwp%2Fv2%2Fmedia&parent=1814"}],"curies":[{"name":"wp","href":"https:\/\/api.w.org\/{rel}","templated":true}]}}