{"id":1812,"date":"2020-05-26T14:03:53","date_gmt":"2020-05-26T14:03:53","guid":{"rendered":"http:\/\/botanik.com.br\/site\/?post_type=product&#038;p=1812"},"modified":"2020-11-04T14:12:29","modified_gmt":"2020-11-04T14:12:29","slug":"locao-autobronzeadora-brazil-gold-100g","status":"publish","type":"product","link":"https:\/\/botanik.com.br\/site\/?product=locao-autobronzeadora-brazil-gold-100g","title":{"rendered":"Lo\u00e7\u00e3o Autobronzeadora Brazil Gold 100g"},"content":{"rendered":"","protected":false},"excerpt":{"rendered":"<p>A Lo\u00e7\u00e3o Autobronzeadora Brazil Gold garante um bronzeado duradouro e prolongado, de f\u00e1cil aplica\u00e7\u00e3o.<\/p>\n","protected":false},"featured_media":1813,"template":"","meta":[],"_links":{"self":[{"href":"https:\/\/botanik.com.br\/site\/index.php?rest_route=\/wp\/v2\/product\/1812"}],"collection":[{"href":"https:\/\/botanik.com.br\/site\/index.php?rest_route=\/wp\/v2\/product"}],"about":[{"href":"https:\/\/botanik.com.br\/site\/index.php?rest_route=\/wp\/v2\/types\/product"}],"wp:featuredmedia":[{"embeddable":true,"href":"https:\/\/botanik.com.br\/site\/index.php?rest_route=\/wp\/v2\/media\/1813"}],"wp:attachment":[{"href":"https:\/\/botanik.com.br\/site\/index.php?rest_route=%2Fwp%2Fv2%2Fmedia&parent=1812"}],"curies":[{"name":"wp","href":"https:\/\/api.w.org\/{rel}","templated":true}]}}