{"id":1802,"date":"2020-05-26T13:47:04","date_gmt":"2020-05-26T13:47:04","guid":{"rendered":"http:\/\/botanik.com.br\/site\/?post_type=product&#038;p=1802"},"modified":"2021-01-13T16:35:40","modified_gmt":"2021-01-13T16:35:40","slug":"creme-pernas-pes-120g","status":"publish","type":"product","link":"https:\/\/botanik.com.br\/site\/?product=creme-pernas-pes-120g","title":{"rendered":"Creme Pernas &amp; P\u00e9s 120g"},"content":{"rendered":"","protected":false},"excerpt":{"rendered":"<p>Desenvolvido com ativos que aumentam a circula\u00e7\u00e3o sangu\u00ednea e proporciona uma sensa\u00e7\u00e3o agrad\u00e1vel de relaxamento. Alivia a sensa\u00e7\u00e3o de cansa\u00e7o. <\/p>\n","protected":false},"featured_media":1803,"template":"","meta":[],"_links":{"self":[{"href":"https:\/\/botanik.com.br\/site\/index.php?rest_route=\/wp\/v2\/product\/1802"}],"collection":[{"href":"https:\/\/botanik.com.br\/site\/index.php?rest_route=\/wp\/v2\/product"}],"about":[{"href":"https:\/\/botanik.com.br\/site\/index.php?rest_route=\/wp\/v2\/types\/product"}],"wp:featuredmedia":[{"embeddable":true,"href":"https:\/\/botanik.com.br\/site\/index.php?rest_route=\/wp\/v2\/media\/1803"}],"wp:attachment":[{"href":"https:\/\/botanik.com.br\/site\/index.php?rest_route=%2Fwp%2Fv2%2Fmedia&parent=1802"}],"curies":[{"name":"wp","href":"https:\/\/api.w.org\/{rel}","templated":true}]}}