{"id":1800,"date":"2020-05-26T13:39:16","date_gmt":"2020-05-26T13:39:16","guid":{"rendered":"http:\/\/botanik.com.br\/site\/?post_type=product&#038;p=1800"},"modified":"2021-01-13T16:35:40","modified_gmt":"2021-01-13T16:35:40","slug":"locao-hidratante-arroz-amendoas-200ml","status":"publish","type":"product","link":"https:\/\/botanik.com.br\/site\/?product=locao-hidratante-arroz-amendoas-200ml","title":{"rendered":"Lo\u00e7\u00e3o Hidratante Arroz &amp; Am\u00eandoas 200ml"},"content":{"rendered":"","protected":false},"excerpt":{"rendered":"<p>Uma lo\u00e7\u00e3o desenvolvida para melhorar a elasticidade e flexibilidade da pele. Com prote\u00ednas de arroz, minerais, amino\u00e1cidos e \u00f3leo de am\u00eandoas doce. Suavemente perfumado.<\/p>\n","protected":false},"featured_media":1801,"template":"","meta":[],"_links":{"self":[{"href":"https:\/\/botanik.com.br\/site\/index.php?rest_route=\/wp\/v2\/product\/1800"}],"collection":[{"href":"https:\/\/botanik.com.br\/site\/index.php?rest_route=\/wp\/v2\/product"}],"about":[{"href":"https:\/\/botanik.com.br\/site\/index.php?rest_route=\/wp\/v2\/types\/product"}],"wp:featuredmedia":[{"embeddable":true,"href":"https:\/\/botanik.com.br\/site\/index.php?rest_route=\/wp\/v2\/media\/1801"}],"wp:attachment":[{"href":"https:\/\/botanik.com.br\/site\/index.php?rest_route=%2Fwp%2Fv2%2Fmedia&parent=1800"}],"curies":[{"name":"wp","href":"https:\/\/api.w.org\/{rel}","templated":true}]}}