{"id":1798,"date":"2020-05-26T13:34:58","date_gmt":"2020-05-26T13:34:58","guid":{"rendered":"http:\/\/botanik.com.br\/site\/?post_type=product&#038;p=1798"},"modified":"2021-01-13T16:35:40","modified_gmt":"2021-01-13T16:35:40","slug":"shampoo-arroz-amendoas-200ml","status":"publish","type":"product","link":"https:\/\/botanik.com.br\/site\/?product=shampoo-arroz-amendoas-200ml","title":{"rendered":"Shampoo Arroz &amp; Am\u00eandoas 200ml"},"content":{"rendered":"","protected":false},"excerpt":{"rendered":"<p>Shampoo com prote\u00edna de arroz, a\u00e7\u00e3o nutritiva e fortificante. Cont\u00e9m ainda a vitamina B5-Pantenol, protetor da fibra capilar. Suavemente perfumado.<\/p>\n","protected":false},"featured_media":1799,"template":"","meta":[],"_links":{"self":[{"href":"https:\/\/botanik.com.br\/site\/index.php?rest_route=\/wp\/v2\/product\/1798"}],"collection":[{"href":"https:\/\/botanik.com.br\/site\/index.php?rest_route=\/wp\/v2\/product"}],"about":[{"href":"https:\/\/botanik.com.br\/site\/index.php?rest_route=\/wp\/v2\/types\/product"}],"wp:featuredmedia":[{"embeddable":true,"href":"https:\/\/botanik.com.br\/site\/index.php?rest_route=\/wp\/v2\/media\/1799"}],"wp:attachment":[{"href":"https:\/\/botanik.com.br\/site\/index.php?rest_route=%2Fwp%2Fv2%2Fmedia&parent=1798"}],"curies":[{"name":"wp","href":"https:\/\/api.w.org\/{rel}","templated":true}]}}