{"id":1796,"date":"2020-05-26T13:29:52","date_gmt":"2020-05-26T13:29:52","guid":{"rendered":"http:\/\/botanik.com.br\/site\/?post_type=product&#038;p=1796"},"modified":"2021-01-13T16:35:40","modified_gmt":"2021-01-13T16:35:40","slug":"condicionador-arroz-amendoas-200ml","status":"publish","type":"product","link":"https:\/\/botanik.com.br\/site\/?product=condicionador-arroz-amendoas-200ml","title":{"rendered":"Condicionador Arroz &amp; Am\u00eandoas 200ml"},"content":{"rendered":"","protected":false},"excerpt":{"rendered":"<p>Condicionador desenvolvido com prote\u00edna de arroz, Pantenol, Ceramida e \u00f3leo de am\u00eandoas doce.  Possu\u00ed a\u00e7\u00e3o altamente nutritiva e protetora, formando um filme capilar.  Suavemente perfumado.<\/p>\n","protected":false},"featured_media":1797,"template":"","meta":[],"_links":{"self":[{"href":"https:\/\/botanik.com.br\/site\/index.php?rest_route=\/wp\/v2\/product\/1796"}],"collection":[{"href":"https:\/\/botanik.com.br\/site\/index.php?rest_route=\/wp\/v2\/product"}],"about":[{"href":"https:\/\/botanik.com.br\/site\/index.php?rest_route=\/wp\/v2\/types\/product"}],"wp:featuredmedia":[{"embeddable":true,"href":"https:\/\/botanik.com.br\/site\/index.php?rest_route=\/wp\/v2\/media\/1797"}],"wp:attachment":[{"href":"https:\/\/botanik.com.br\/site\/index.php?rest_route=%2Fwp%2Fv2%2Fmedia&parent=1796"}],"curies":[{"name":"wp","href":"https:\/\/api.w.org\/{rel}","templated":true}]}}