{"id":1718,"date":"2017-11-29T18:03:59","date_gmt":"2017-11-29T18:03:59","guid":{"rendered":"http:\/\/botanik.com.br\/site\/?post_type=product&#038;p=1718"},"modified":"2021-01-13T16:35:41","modified_gmt":"2021-01-13T16:35:41","slug":"black-mask-mascara-de-carbono","status":"publish","type":"product","link":"https:\/\/botanik.com.br\/site\/?product=black-mask-mascara-de-carbono","title":{"rendered":"M\u00e1scara de Carbono Para TIRAR CRAVOS &#8211; BLACK FRIDAY com BLACK MASK"},"content":{"rendered":"","protected":false},"excerpt":{"rendered":"<p>Voc\u00ea est\u00e1 diante do tratamento mais revolucion\u00e1rio da atualidade para eliminar todos os cravos da sua pele! Black Mask BTNK &#8211; M\u00e1scara de Carbono para tirar cravos.<\/p>\n<p>\u00c9 uma m\u00e1scara rica em vitaminas, minerais e extratos vegetais que promovem a limpeza da pele, removendo cravos, impurezas e oleosidade. Possui efeito Peel-Off, a\u00e7\u00e3o antipolui\u00e7\u00e3o e controle da oleosidade.<\/p>\n<p>Sua pele ficar\u00e1 com os poros mais fechados, mais leve, mais agrad\u00e1vel e com uma real sensa\u00e7\u00e3o de pele recuperada!<br \/>\n<strong>Pre\u00e7o R$<del> 43,00<\/del>\u00a0 \u00a0<\/strong><span style=\"color: #ff0000\"><strong>Pre\u00e7o BLACK FRIDAY R$ 28,70<br \/>\n<a href=\"http:\/\/botanik.com.br\/site\/wp-content\/uploads\/2017\/11\/frete.png\"><img loading=\"lazy\" class=\"alignnone wp-image-2021\" src=\"http:\/\/botanik.com.br\/site\/wp-content\/uploads\/2017\/11\/frete-300x48.png\" alt=\"\" width=\"316\" height=\"50\" srcset=\"https:\/\/botanik.com.br\/site\/wp-content\/uploads\/2017\/11\/frete-300x48.png 300w, https:\/\/botanik.com.br\/site\/wp-content\/uploads\/2017\/11\/frete-1024x162.png 1024w, https:\/\/botanik.com.br\/site\/wp-content\/uploads\/2017\/11\/frete-768x122.png 768w, https:\/\/botanik.com.br\/site\/wp-content\/uploads\/2017\/11\/frete-600x95.png 600w, https:\/\/botanik.com.br\/site\/wp-content\/uploads\/2017\/11\/frete.png 1047w\" sizes=\"(max-width: 316px) 100vw, 316px\" \/><\/a><br \/>\n<\/strong><\/span><\/p>\n","protected":false},"featured_media":1854,"template":"","meta":[],"_links":{"self":[{"href":"https:\/\/botanik.com.br\/site\/index.php?rest_route=\/wp\/v2\/product\/1718"}],"collection":[{"href":"https:\/\/botanik.com.br\/site\/index.php?rest_route=\/wp\/v2\/product"}],"about":[{"href":"https:\/\/botanik.com.br\/site\/index.php?rest_route=\/wp\/v2\/types\/product"}],"wp:featuredmedia":[{"embeddable":true,"href":"https:\/\/botanik.com.br\/site\/index.php?rest_route=\/wp\/v2\/media\/1854"}],"wp:attachment":[{"href":"https:\/\/botanik.com.br\/site\/index.php?rest_route=%2Fwp%2Fv2%2Fmedia&parent=1718"}],"curies":[{"name":"wp","href":"https:\/\/api.w.org\/{rel}","templated":true}]}}