{"id":1667,"date":"2017-05-18T20:27:14","date_gmt":"2017-05-18T20:27:14","guid":{"rendered":"http:\/\/botanik.com.br\/site\/?product=difusor-de-aromas-varetas-300ml-intense"},"modified":"2021-01-13T14:54:16","modified_gmt":"2021-01-13T14:54:16","slug":"difusor-de-aromas-varetas-300ml-intense","status":"publish","type":"product","link":"https:\/\/botanik.com.br\/site\/?product=difusor-de-aromas-varetas-300ml-intense","title":{"rendered":"Difusor de Aromas Varetas 300ml Intense"},"content":{"rendered":"<p>Aroma vibrante, intenso e de notas marcantes. Floral seco e refrescante. Levemente estimulante, eleva os estados de aten\u00e7\u00e3o. Proporciona sofistica\u00e7\u00e3o e leveza ao ambiente. <\/p>\n","protected":false},"excerpt":{"rendered":"<p>Aroma vibrante, intenso e de notas marcantes. Floral seco e refrescante. Levemente estimulante, eleva os estados de aten\u00e7\u00e3o. Proporciona sofistica\u00e7\u00e3o e leveza ao ambiente.<\/p>\n","protected":false},"featured_media":1668,"template":"","meta":[],"_links":{"self":[{"href":"https:\/\/botanik.com.br\/site\/index.php?rest_route=\/wp\/v2\/product\/1667"}],"collection":[{"href":"https:\/\/botanik.com.br\/site\/index.php?rest_route=\/wp\/v2\/product"}],"about":[{"href":"https:\/\/botanik.com.br\/site\/index.php?rest_route=\/wp\/v2\/types\/product"}],"wp:featuredmedia":[{"embeddable":true,"href":"https:\/\/botanik.com.br\/site\/index.php?rest_route=\/wp\/v2\/media\/1668"}],"wp:attachment":[{"href":"https:\/\/botanik.com.br\/site\/index.php?rest_route=%2Fwp%2Fv2%2Fmedia&parent=1667"}],"curies":[{"name":"wp","href":"https:\/\/api.w.org\/{rel}","templated":true}]}}