{"id":1665,"date":"2017-05-18T20:25:36","date_gmt":"2017-05-18T20:25:36","guid":{"rendered":"http:\/\/botanik.com.br\/site\/?product=difusor-de-aromas-varetas-300ml-chantilly-pimenta"},"modified":"2021-01-13T14:54:16","modified_gmt":"2021-01-13T14:54:16","slug":"difusor-de-aromas-varetas-300ml-chantilly-pimenta","status":"publish","type":"product","link":"https:\/\/botanik.com.br\/site\/?product=difusor-de-aromas-varetas-300ml-chantilly-pimenta","title":{"rendered":"Difusor de Aromas Varetas 300ml Chantilly Pimenta"},"content":{"rendered":"<p>Fragr\u00e2ncia frutal resultante da perfeita combina\u00e7\u00e3o do aroma doce e suave do chantilly com as notas picantes e sofisticadas da pimenta. Sugere um clima rom\u00e2ntico, estimulante e de bem-estar<\/p>\n","protected":false},"excerpt":{"rendered":"<p>Fragr\u00e2ncia frutal resultante da perfeita combina\u00e7\u00e3o do aroma doce e suave do chantilly com as notas picantes e sofisticadas da pimenta. Sugere um clima rom\u00e2ntico, estimulante e de bem-estar<\/p>\n","protected":false},"featured_media":1666,"template":"","meta":[],"_links":{"self":[{"href":"https:\/\/botanik.com.br\/site\/index.php?rest_route=\/wp\/v2\/product\/1665"}],"collection":[{"href":"https:\/\/botanik.com.br\/site\/index.php?rest_route=\/wp\/v2\/product"}],"about":[{"href":"https:\/\/botanik.com.br\/site\/index.php?rest_route=\/wp\/v2\/types\/product"}],"wp:featuredmedia":[{"embeddable":true,"href":"https:\/\/botanik.com.br\/site\/index.php?rest_route=\/wp\/v2\/media\/1666"}],"wp:attachment":[{"href":"https:\/\/botanik.com.br\/site\/index.php?rest_route=%2Fwp%2Fv2%2Fmedia&parent=1665"}],"curies":[{"name":"wp","href":"https:\/\/api.w.org\/{rel}","templated":true}]}}