{"id":1659,"date":"2017-05-17T16:26:17","date_gmt":"2017-05-17T16:26:17","guid":{"rendered":"http:\/\/botanik.com.br\/site\/?post_type=product&#038;p=1659"},"modified":"2021-01-13T16:39:22","modified_gmt":"2021-01-13T16:39:22","slug":"difusor-eletrico-em-porcelana-bivolt","status":"publish","type":"product","link":"https:\/\/botanik.com.br\/site\/?product=difusor-eletrico-em-porcelana-bivolt","title":{"rendered":"Difusor El\u00e9trico em Porcelana Bivolt"},"content":{"rendered":"<p>Pr\u00e1tico e de f\u00e1cil manuseio para utiliz\u00e1-lo basta aplicar algumas gotas de \u00f3leo arom\u00e1tico de sua prefer\u00eancia na parte c\u00f4ncava do aparelho, coloca-lo na tomada e apertar a chave de acionamento. Ideal para aromatizar a casa, escrit\u00f3rio, estabelecimento comercial, consult\u00f3rio.<\/p>\n","protected":false},"excerpt":{"rendered":"<p>Pr\u00e1tico e de f\u00e1cil manuseio para utiliz\u00e1-lo basta aplicar algumas gotas de \u00f3leo arom\u00e1tico de sua prefer\u00eancia na parte c\u00f4ncava do aparelho, coloca-lo na tomada e apertar a chave de acionamento. Ideal para aromatizar a casa, escrit\u00f3rio, estabelecimento comercial, consult\u00f3rio.<\/p>\n","protected":false},"featured_media":1707,"template":"","meta":[],"_links":{"self":[{"href":"https:\/\/botanik.com.br\/site\/index.php?rest_route=\/wp\/v2\/product\/1659"}],"collection":[{"href":"https:\/\/botanik.com.br\/site\/index.php?rest_route=\/wp\/v2\/product"}],"about":[{"href":"https:\/\/botanik.com.br\/site\/index.php?rest_route=\/wp\/v2\/types\/product"}],"wp:featuredmedia":[{"embeddable":true,"href":"https:\/\/botanik.com.br\/site\/index.php?rest_route=\/wp\/v2\/media\/1707"}],"wp:attachment":[{"href":"https:\/\/botanik.com.br\/site\/index.php?rest_route=%2Fwp%2Fv2%2Fmedia&parent=1659"}],"curies":[{"name":"wp","href":"https:\/\/api.w.org\/{rel}","templated":true}]}}