{"id":1655,"date":"2017-05-16T20:02:03","date_gmt":"2017-05-16T20:02:03","guid":{"rendered":"http:\/\/botanik.com.br\/site\/?product=aromatizador-de-ambientes-spray-500ml-spirit"},"modified":"2021-01-13T14:43:35","modified_gmt":"2021-01-13T14:43:35","slug":"aromatizador-de-ambientes-spray-500ml-spirit","status":"publish","type":"product","link":"https:\/\/botanik.com.br\/site\/?product=aromatizador-de-ambientes-spray-500ml-spirit","title":{"rendered":"Aromatizador de Ambientes Spray 500ml Spirit"},"content":{"rendered":"<p>Uni\u00e3o das ess\u00eancias Alecrim, Alfazema, Arruda, Capim-Lim\u00e3o, Eucalipto, Hortel\u00e3 e Lim\u00e3o. Tem seu efeito potencializado com Floral de Minas Villaresia que auxilia no cultivo de uma vis\u00e3o de vida correta e elevada. Harmonizador de ambiente.<br \/>\nCombina\u00e7\u00e3o de sete ess\u00eancias de ervas, cascas e ra\u00edzes com predomin\u00e2ncia de notas c\u00edtricas. C\u00edtrico harmonizador e revigorante.<\/p>\n","protected":false},"excerpt":{"rendered":"<p>Uni\u00e3o das ess\u00eancias Alecrim, Alfazema, Arruda, Capim-Lim\u00e3o, Eucalipto, Hortel\u00e3 e Lim\u00e3o. Tem seu efeito potencializado com Floral de Minas Villaresia que auxilia no cultivo de uma vis\u00e3o de vida correta e elevada. Harmonizador de ambiente. Combina\u00e7\u00e3o de sete ess\u00eancias de ervas, cascas e ra\u00edzes com predomin\u00e2ncia de notas c\u00edtricas. C\u00edtrico harmonizador e revigorante.<\/p>\n","protected":false},"featured_media":1656,"template":"","meta":[],"_links":{"self":[{"href":"https:\/\/botanik.com.br\/site\/index.php?rest_route=\/wp\/v2\/product\/1655"}],"collection":[{"href":"https:\/\/botanik.com.br\/site\/index.php?rest_route=\/wp\/v2\/product"}],"about":[{"href":"https:\/\/botanik.com.br\/site\/index.php?rest_route=\/wp\/v2\/types\/product"}],"wp:featuredmedia":[{"embeddable":true,"href":"https:\/\/botanik.com.br\/site\/index.php?rest_route=\/wp\/v2\/media\/1656"}],"wp:attachment":[{"href":"https:\/\/botanik.com.br\/site\/index.php?rest_route=%2Fwp%2Fv2%2Fmedia&parent=1655"}],"curies":[{"name":"wp","href":"https:\/\/api.w.org\/{rel}","templated":true}]}}