{"id":1651,"date":"2017-05-16T19:58:34","date_gmt":"2017-05-16T19:58:34","guid":{"rendered":"http:\/\/botanik.com.br\/site\/?product=aromatizador-de-ambientes-spray-500ml-patchouly"},"modified":"2021-01-13T14:51:30","modified_gmt":"2021-01-13T14:51:30","slug":"aromatizador-de-ambientes-spray-500ml-patchouly","status":"publish","type":"product","link":"https:\/\/botanik.com.br\/site\/?product=aromatizador-de-ambientes-spray-500ml-patchouly","title":{"rendered":"Aromatizador de Ambientes Spray 500ml Patchouly"},"content":{"rendered":"<p>Um aroma agrad\u00e1vel que proporciona um ambiente estimulante e de bem-estar. Com Floral Basilicum para sobrecarga de responsabilidades, sensa\u00e7\u00e3o de incapacidade e inadequa\u00e7\u00e3o.<br \/>\nFragr\u00e2ncia de notas fortes, terrosas e amadeiradas provenientes da planta cultivada na Indon\u00e9sia e \u00cdndia. Calmante amadeirado.<\/p>\n","protected":false},"excerpt":{"rendered":"<p>Um aroma agrad\u00e1vel que proporciona um ambiente estimulante e de bem-estar. Com Floral Basilicum para sobrecarga de responsabilidades, sensa\u00e7\u00e3o de incapacidade e inadequa\u00e7\u00e3o. Fragr\u00e2ncia de notas fortes, terrosas e amadeiradas provenientes da planta cultivada na Indon\u00e9sia e \u00cdndia. Calmante amadeirado.<\/p>\n","protected":false},"featured_media":1652,"template":"","meta":[],"_links":{"self":[{"href":"https:\/\/botanik.com.br\/site\/index.php?rest_route=\/wp\/v2\/product\/1651"}],"collection":[{"href":"https:\/\/botanik.com.br\/site\/index.php?rest_route=\/wp\/v2\/product"}],"about":[{"href":"https:\/\/botanik.com.br\/site\/index.php?rest_route=\/wp\/v2\/types\/product"}],"wp:featuredmedia":[{"embeddable":true,"href":"https:\/\/botanik.com.br\/site\/index.php?rest_route=\/wp\/v2\/media\/1652"}],"wp:attachment":[{"href":"https:\/\/botanik.com.br\/site\/index.php?rest_route=%2Fwp%2Fv2%2Fmedia&parent=1651"}],"curies":[{"name":"wp","href":"https:\/\/api.w.org\/{rel}","templated":true}]}}