{"id":1649,"date":"2017-05-16T19:57:45","date_gmt":"2017-05-16T19:57:45","guid":{"rendered":"http:\/\/botanik.com.br\/site\/?product=aromatizador-de-ambientes-spray-500ml-lavanda"},"modified":"2021-01-13T14:51:30","modified_gmt":"2021-01-13T14:51:30","slug":"aromatizador-de-ambientes-spray-500ml-lavanda","status":"publish","type":"product","link":"https:\/\/botanik.com.br\/site\/?product=aromatizador-de-ambientes-spray-500ml-lavanda","title":{"rendered":"Aromatizador de Ambientes Spray 500ml Lavanda"},"content":{"rendered":"<p>Possui um aroma suave e delicado para uso di\u00e1rio, al\u00e9m de ter propriedades anti-s\u00e9pticas, desodorantes, relaxantes e refrescantes. Com Floral Milefollium para supersensibilidade f\u00edsica, ps\u00edquica e espiritual.<br \/>\nEsta fragr\u00e2ncia traduz o verdadeiro aroma dos campos de lavanda. Suave e agrad\u00e1vel fragr\u00e2ncia da Natureza. Floral calmante.<\/p>\n","protected":false},"excerpt":{"rendered":"<p>Possui um aroma suave e delicado para uso di\u00e1rio, al\u00e9m de ter propriedades anti-s\u00e9pticas, desodorantes, relaxantes e refrescantes. Com Floral Milefollium para supersensibilidade f\u00edsica, ps\u00edquica e espiritual. Esta fragr\u00e2ncia traduz o verdadeiro aroma dos campos de lavanda. Suave e agrad\u00e1vel fragr\u00e2ncia da Natureza. Floral calmante.<\/p>\n","protected":false},"featured_media":1650,"template":"","meta":[],"_links":{"self":[{"href":"https:\/\/botanik.com.br\/site\/index.php?rest_route=\/wp\/v2\/product\/1649"}],"collection":[{"href":"https:\/\/botanik.com.br\/site\/index.php?rest_route=\/wp\/v2\/product"}],"about":[{"href":"https:\/\/botanik.com.br\/site\/index.php?rest_route=\/wp\/v2\/types\/product"}],"wp:featuredmedia":[{"embeddable":true,"href":"https:\/\/botanik.com.br\/site\/index.php?rest_route=\/wp\/v2\/media\/1650"}],"wp:attachment":[{"href":"https:\/\/botanik.com.br\/site\/index.php?rest_route=%2Fwp%2Fv2%2Fmedia&parent=1649"}],"curies":[{"name":"wp","href":"https:\/\/api.w.org\/{rel}","templated":true}]}}