{"id":1647,"date":"2017-05-16T19:56:51","date_gmt":"2017-05-16T19:56:51","guid":{"rendered":"http:\/\/botanik.com.br\/site\/?product=aromatizador-de-ambientes-spray-500ml-dream"},"modified":"2021-01-13T14:51:30","modified_gmt":"2021-01-13T14:51:30","slug":"aromatizador-de-ambientes-spray-500ml-dream","status":"publish","type":"product","link":"https:\/\/botanik.com.br\/site\/?product=aromatizador-de-ambientes-spray-500ml-dream","title":{"rendered":"Aromatizador de Ambientes Spray 500ml Dream"},"content":{"rendered":"<p>Acalma a mente e traz inspira\u00e7\u00e3o. Relaxante. Tem seu efeito potencializado com Floral de Minas Ageratum que sublima as emo\u00e7\u00f5es e sentimentos durante os sonhos.<br \/>\nFragr\u00e2ncia inspirada em notas florais. Floral relaxante.<\/p>\n","protected":false},"excerpt":{"rendered":"<p>Acalma a mente e traz inspira\u00e7\u00e3o. Relaxante. Tem seu efeito potencializado com Floral de Minas Ageratum que sublima as emo\u00e7\u00f5es e sentimentos durante os sonhos. Fragr\u00e2ncia inspirada em notas florais. Floral relaxante.<\/p>\n","protected":false},"featured_media":1648,"template":"","meta":[],"_links":{"self":[{"href":"https:\/\/botanik.com.br\/site\/index.php?rest_route=\/wp\/v2\/product\/1647"}],"collection":[{"href":"https:\/\/botanik.com.br\/site\/index.php?rest_route=\/wp\/v2\/product"}],"about":[{"href":"https:\/\/botanik.com.br\/site\/index.php?rest_route=\/wp\/v2\/types\/product"}],"wp:featuredmedia":[{"embeddable":true,"href":"https:\/\/botanik.com.br\/site\/index.php?rest_route=\/wp\/v2\/media\/1648"}],"wp:attachment":[{"href":"https:\/\/botanik.com.br\/site\/index.php?rest_route=%2Fwp%2Fv2%2Fmedia&parent=1647"}],"curies":[{"name":"wp","href":"https:\/\/api.w.org\/{rel}","templated":true}]}}