{"id":1628,"date":"2017-05-16T16:39:40","date_gmt":"2017-05-16T16:39:40","guid":{"rendered":"http:\/\/botanik.com.br\/site\/?product=aromatizador-de-ambientes-spray-400ml-cacau-chocolat"},"modified":"2021-01-13T14:51:32","modified_gmt":"2021-01-13T14:51:32","slug":"aromatizador-de-ambientes-spray-400ml-cacau-chocolat","status":"publish","type":"product","link":"https:\/\/botanik.com.br\/site\/?product=aromatizador-de-ambientes-spray-400ml-cacau-chocolat","title":{"rendered":"Aromatizador de Ambientes Spray 400ml Cacau Chocolat"},"content":{"rendered":"<p>Delicioso aroma de chocolate ao leite meio amargo. Rom\u00e2ntico, estimulante, afrodis\u00edaco e muito divertido. Com Floral de Minas Lantana proporciona harmonia e equil\u00edbrio. <\/p>\n","protected":false},"excerpt":{"rendered":"<p>Delicioso aroma de chocolate ao leite meio amargo. Rom\u00e2ntico, estimulante, afrodis\u00edaco e muito divertido. Com Floral de Minas Lantana proporciona harmonia e equil\u00edbrio.<\/p>\n","protected":false},"featured_media":1629,"template":"","meta":[],"_links":{"self":[{"href":"https:\/\/botanik.com.br\/site\/index.php?rest_route=\/wp\/v2\/product\/1628"}],"collection":[{"href":"https:\/\/botanik.com.br\/site\/index.php?rest_route=\/wp\/v2\/product"}],"about":[{"href":"https:\/\/botanik.com.br\/site\/index.php?rest_route=\/wp\/v2\/types\/product"}],"wp:featuredmedia":[{"embeddable":true,"href":"https:\/\/botanik.com.br\/site\/index.php?rest_route=\/wp\/v2\/media\/1629"}],"wp:attachment":[{"href":"https:\/\/botanik.com.br\/site\/index.php?rest_route=%2Fwp%2Fv2%2Fmedia&parent=1628"}],"curies":[{"name":"wp","href":"https:\/\/api.w.org\/{rel}","templated":true}]}}