{"id":1622,"date":"2017-05-16T16:27:33","date_gmt":"2017-05-16T16:27:33","guid":{"rendered":"http:\/\/botanik.com.br\/site\/?product=aromatizador-de-ambientes-300ml-lavanda-baby"},"modified":"2021-01-13T14:51:32","modified_gmt":"2021-01-13T14:51:32","slug":"aromatizador-de-ambientes-300ml-lavanda-baby","status":"publish","type":"product","link":"https:\/\/botanik.com.br\/site\/?product=aromatizador-de-ambientes-300ml-lavanda-baby","title":{"rendered":"Aromatizador de Ambientes Spray 300ml Lavanda Baby"},"content":{"rendered":"<p>Floral doce da lavanda combinado ao cheirinho de beb\u00ea. Torna o ambiente leve e agrad\u00e1vel, al\u00e9m de possuir propriedades harmonizadoras e tranquilizantes. <\/p>\n","protected":false},"excerpt":{"rendered":"<p>Floral doce da lavanda combinado ao cheirinho de beb\u00ea. Torna o ambiente leve e agrad\u00e1vel, al\u00e9m de possuir propriedades harmonizadoras e tranquilizantes.<\/p>\n","protected":false},"featured_media":1623,"template":"","meta":[],"_links":{"self":[{"href":"https:\/\/botanik.com.br\/site\/index.php?rest_route=\/wp\/v2\/product\/1622"}],"collection":[{"href":"https:\/\/botanik.com.br\/site\/index.php?rest_route=\/wp\/v2\/product"}],"about":[{"href":"https:\/\/botanik.com.br\/site\/index.php?rest_route=\/wp\/v2\/types\/product"}],"wp:featuredmedia":[{"embeddable":true,"href":"https:\/\/botanik.com.br\/site\/index.php?rest_route=\/wp\/v2\/media\/1623"}],"wp:attachment":[{"href":"https:\/\/botanik.com.br\/site\/index.php?rest_route=%2Fwp%2Fv2%2Fmedia&parent=1622"}],"curies":[{"name":"wp","href":"https:\/\/api.w.org\/{rel}","templated":true}]}}