{"id":1609,"date":"2017-05-16T16:15:55","date_gmt":"2017-05-16T16:15:55","guid":{"rendered":"http:\/\/botanik.com.br\/site\/?product=aromatizador-de-ambientes-100ml-prosperidade"},"modified":"2021-01-13T14:33:51","modified_gmt":"2021-01-13T14:33:51","slug":"aromatizador-de-ambientes-100ml-prosperidade","status":"publish","type":"product","link":"https:\/\/botanik.com.br\/site\/?product=aromatizador-de-ambientes-100ml-prosperidade","title":{"rendered":"Aromatizador de Ambientes Spray 100ml Prosperidade"},"content":{"rendered":"<p>Este aromatizador combina as propriedades da ess\u00eancia de Jasmim e a energia de prosperidade da pedra Citrino, atraindo bons neg\u00f3cios. Seu aroma floral pode produzir aumento da auto-estima. Cont\u00e9m Floral de Minas Origanum que ajuda as pessoas a tomarem decis\u00f5es seja no campo vocacional, profissional, sentimental, sexual ou outras ocasi\u00f5es. Origanum \u00e9 a resposta espiritual que nos liberta do mar de ilus\u00e3o material. A ess\u00eancia \u00e9 utilizada com grande sucesso em lugares onde h\u00e1 ac\u00famulo e proximidade de vibra\u00e7\u00f5es involutivas.<br \/>\nConhecido como &#8220;rei dos aromas&#8221;, o Jasmim empresta suas notas florais a este aromatizador. Floral calmante.<\/p>\n","protected":false},"excerpt":{"rendered":"<p>Este aromatizador combina as propriedades da ess\u00eancia de Jasmim e a energia de prosperidade da pedra Citrino, atraindo bons neg\u00f3cios. Seu aroma floral pode produzir aumento da auto-estima. Cont\u00e9m Floral de Minas Origanum que ajuda as pessoas a tomarem decis\u00f5es seja no campo vocacional, profissional, sentimental, sexual ou outras ocasi\u00f5es. Origanum \u00e9 a resposta espiritual [&hellip;]<\/p>\n","protected":false},"featured_media":1610,"template":"","meta":[],"_links":{"self":[{"href":"https:\/\/botanik.com.br\/site\/index.php?rest_route=\/wp\/v2\/product\/1609"}],"collection":[{"href":"https:\/\/botanik.com.br\/site\/index.php?rest_route=\/wp\/v2\/product"}],"about":[{"href":"https:\/\/botanik.com.br\/site\/index.php?rest_route=\/wp\/v2\/types\/product"}],"wp:featuredmedia":[{"embeddable":true,"href":"https:\/\/botanik.com.br\/site\/index.php?rest_route=\/wp\/v2\/media\/1610"}],"wp:attachment":[{"href":"https:\/\/botanik.com.br\/site\/index.php?rest_route=%2Fwp%2Fv2%2Fmedia&parent=1609"}],"curies":[{"name":"wp","href":"https:\/\/api.w.org\/{rel}","templated":true}]}}