{"id":1603,"date":"2017-05-16T14:55:45","date_gmt":"2017-05-16T14:55:45","guid":{"rendered":"http:\/\/botanik.com.br\/site\/?product=aromatizador-de-ambientes-100ml-cravo-e-canela"},"modified":"2021-01-13T14:34:18","modified_gmt":"2021-01-13T14:34:18","slug":"aromatizador-de-ambientes-100ml-cravo-e-canela","status":"publish","type":"product","link":"https:\/\/botanik.com.br\/site\/?product=aromatizador-de-ambientes-100ml-cravo-e-canela","title":{"rendered":"Aromatizador de Ambientes Spray 100ml Cravo e Canela"},"content":{"rendered":"<p>A combina\u00e7\u00e3o entre as ess\u00eancias de Canela e Cravo da \u00cdndia e o Floral Eucaliptus favorece a lucidez de id\u00e9ias, a capacidade de racioc\u00ednio e a auto-estima, equilibrando tamb\u00e9m a energia ambiental. Floral de Minas Eucaliptus \u00e9 indicado para quem se encontra em contradi\u00e7\u00e3o entre o querer mais profundo e a pr\u00e1tica cotidiana, entre a idealiza\u00e7\u00e3o e a realiza\u00e7\u00e3o concreta. Faz com que haja uma associa\u00e7\u00e3o das id\u00e9ias e suas concretiza\u00e7\u00f5es.<br \/>\nA jun\u00e7\u00e3o das ess\u00eancias Cravo e Canela produzem um aroma amadeirado caracter\u00edstico destas especiarias. Harmonizador e estimulante.<\/p>\n","protected":false},"excerpt":{"rendered":"<p>A combina\u00e7\u00e3o entre as ess\u00eancias de Canela e Cravo da \u00cdndia e o Floral Eucaliptus favorece a lucidez de id\u00e9ias, a capacidade de racioc\u00ednio e a auto-estima, equilibrando tamb\u00e9m a energia ambiental. Floral de Minas Eucaliptus \u00e9 indicado para quem se encontra em contradi\u00e7\u00e3o entre o querer mais profundo e a pr\u00e1tica cotidiana, entre a [&hellip;]<\/p>\n","protected":false},"featured_media":1604,"template":"","meta":[],"_links":{"self":[{"href":"https:\/\/botanik.com.br\/site\/index.php?rest_route=\/wp\/v2\/product\/1603"}],"collection":[{"href":"https:\/\/botanik.com.br\/site\/index.php?rest_route=\/wp\/v2\/product"}],"about":[{"href":"https:\/\/botanik.com.br\/site\/index.php?rest_route=\/wp\/v2\/types\/product"}],"wp:featuredmedia":[{"embeddable":true,"href":"https:\/\/botanik.com.br\/site\/index.php?rest_route=\/wp\/v2\/media\/1604"}],"wp:attachment":[{"href":"https:\/\/botanik.com.br\/site\/index.php?rest_route=%2Fwp%2Fv2%2Fmedia&parent=1603"}],"curies":[{"name":"wp","href":"https:\/\/api.w.org\/{rel}","templated":true}]}}