{"id":1597,"date":"2017-05-16T14:47:33","date_gmt":"2017-05-16T14:47:33","guid":{"rendered":"http:\/\/botanik.com.br\/site\/?product=aromatizador-de-ambientes-100ml-anti-stress-arruda"},"modified":"2021-01-13T14:51:33","modified_gmt":"2021-01-13T14:51:33","slug":"aromatizador-de-ambientes-100ml-anti-stress-arruda","status":"publish","type":"product","link":"https:\/\/botanik.com.br\/site\/?product=aromatizador-de-ambientes-100ml-anti-stress-arruda","title":{"rendered":"Aromatizador de Ambientes Spray 100ml Anti-Stress"},"content":{"rendered":"<p>Criado com a finalidade de amenizar e combater o estresse, aliviando a tens\u00e3o nervosa. Elaborado com as ess\u00eancias de Alecrim, Camomila, Flor de Laranjeira, Flor de Pitanga, Lavanda, Ma\u00e7\u00e3 Verde e S\u00e2ndalo. Uma combina\u00e7\u00e3o de Ervas, Cascas e Flores Energ\u00e9ticas. Cont\u00e9m Floral de Minas Luceris que equilibra o Eu mais sutil. Ajuda a ter estados mais conscientes, mais l\u00facidos em rela\u00e7\u00e3o \u00e0s percep\u00e7\u00f5es espirituais descontroladas, extra-sensoriais, paranormais, desconforto mental ou conflitos emocionais.<br \/>\nFragr\u00e2ncia composta de notas florais e herbais. Floral, frutal. Relaxante e revigorante.<\/p>\n","protected":false},"excerpt":{"rendered":"<p>Criado com a finalidade de amenizar e combater o estresse, aliviando a tens\u00e3o nervosa. Elaborado com as ess\u00eancias de Alecrim, Camomila, Flor de Laranjeira, Flor de Pitanga, Lavanda, Ma\u00e7\u00e3 Verde e S\u00e2ndalo. Uma combina\u00e7\u00e3o de Ervas, Cascas e Flores Energ\u00e9ticas. Cont\u00e9m Floral de Minas Luceris que equilibra o Eu mais sutil. Ajuda a ter estados [&hellip;]<\/p>\n","protected":false},"featured_media":1598,"template":"","meta":[],"_links":{"self":[{"href":"https:\/\/botanik.com.br\/site\/index.php?rest_route=\/wp\/v2\/product\/1597"}],"collection":[{"href":"https:\/\/botanik.com.br\/site\/index.php?rest_route=\/wp\/v2\/product"}],"about":[{"href":"https:\/\/botanik.com.br\/site\/index.php?rest_route=\/wp\/v2\/types\/product"}],"wp:featuredmedia":[{"embeddable":true,"href":"https:\/\/botanik.com.br\/site\/index.php?rest_route=\/wp\/v2\/media\/1598"}],"wp:attachment":[{"href":"https:\/\/botanik.com.br\/site\/index.php?rest_route=%2Fwp%2Fv2%2Fmedia&parent=1597"}],"curies":[{"name":"wp","href":"https:\/\/api.w.org\/{rel}","templated":true}]}}