{"id":1595,"date":"2017-05-16T14:45:36","date_gmt":"2017-05-16T14:45:36","guid":{"rendered":"http:\/\/botanik.com.br\/site\/?product=aromatizador-de-ambientes-100ml-amor"},"modified":"2021-01-13T14:51:34","modified_gmt":"2021-01-13T14:51:34","slug":"aromatizador-de-ambientes-100ml-amor","status":"publish","type":"product","link":"https:\/\/botanik.com.br\/site\/?product=aromatizador-de-ambientes-100ml-amor","title":{"rendered":"Aromatizador de Ambientes Spray 100ml Amor"},"content":{"rendered":"<p>Cria um clima de envolvimento rom\u00e2ntico inundando o ambiente com pensamentos de amor. Este Aromatizador combina as propriedades da ess\u00eancia de Rosa e a energia de amor da pedra Quartzo-Rosa. Cont\u00e9m Floral de Minas Amaranthus que \u00e9 muito \u00fatil nos ambientes familiares onde prevalecem sentimentos contr\u00e1rios \u00e0 paz, ao entendimento, a harmonia, a confian\u00e7a m\u00fatua e a outras formas de amor. Auxilia na recomposi\u00e7\u00e3o da unidade e integridade familiar.<br \/>\nSuaves notas obtidas das p\u00e9talas da rosa comp\u00f5em a fragr\u00e2ncia deste aromatizador. Floral calmante e harmonizador.<\/p>\n","protected":false},"excerpt":{"rendered":"<p>Cria um clima de envolvimento rom\u00e2ntico inundando o ambiente com pensamentos de amor. Este Aromatizador combina as propriedades da ess\u00eancia de Rosa e a energia de amor da pedra Quartzo-Rosa. Cont\u00e9m Floral de Minas Amaranthus que \u00e9 muito \u00fatil nos ambientes familiares onde prevalecem sentimentos contr\u00e1rios \u00e0 paz, ao entendimento, a harmonia, a confian\u00e7a m\u00fatua [&hellip;]<\/p>\n","protected":false},"featured_media":1596,"template":"","meta":[],"_links":{"self":[{"href":"https:\/\/botanik.com.br\/site\/index.php?rest_route=\/wp\/v2\/product\/1595"}],"collection":[{"href":"https:\/\/botanik.com.br\/site\/index.php?rest_route=\/wp\/v2\/product"}],"about":[{"href":"https:\/\/botanik.com.br\/site\/index.php?rest_route=\/wp\/v2\/types\/product"}],"wp:featuredmedia":[{"embeddable":true,"href":"https:\/\/botanik.com.br\/site\/index.php?rest_route=\/wp\/v2\/media\/1596"}],"wp:attachment":[{"href":"https:\/\/botanik.com.br\/site\/index.php?rest_route=%2Fwp%2Fv2%2Fmedia&parent=1595"}],"curies":[{"name":"wp","href":"https:\/\/api.w.org\/{rel}","templated":true}]}}