{"id":1565,"date":"2017-05-12T17:04:08","date_gmt":"2017-05-12T17:04:08","guid":{"rendered":"http:\/\/botanik.com.br\/site\/?product=essencia-pura-11ml-maca-verde"},"modified":"2021-01-13T16:48:23","modified_gmt":"2021-01-13T16:48:23","slug":"essencia-pura-11ml-maca-verde","status":"publish","type":"product","link":"https:\/\/botanik.com.br\/site\/?product=essencia-pura-11ml-maca-verde","title":{"rendered":"Ess\u00eancia Pura 11ml &#8211; Ma\u00e7\u00e3 Verde"},"content":{"rendered":"","protected":false},"excerpt":{"rendered":"","protected":false},"featured_media":1536,"template":"","meta":[],"_links":{"self":[{"href":"https:\/\/botanik.com.br\/site\/index.php?rest_route=\/wp\/v2\/product\/1565"}],"collection":[{"href":"https:\/\/botanik.com.br\/site\/index.php?rest_route=\/wp\/v2\/product"}],"about":[{"href":"https:\/\/botanik.com.br\/site\/index.php?rest_route=\/wp\/v2\/types\/product"}],"wp:featuredmedia":[{"embeddable":true,"href":"https:\/\/botanik.com.br\/site\/index.php?rest_route=\/wp\/v2\/media\/1536"}],"wp:attachment":[{"href":"https:\/\/botanik.com.br\/site\/index.php?rest_route=%2Fwp%2Fv2%2Fmedia&parent=1565"}],"curies":[{"name":"wp","href":"https:\/\/api.w.org\/{rel}","templated":true}]}}