{"id":1506,"date":"2017-05-11T17:27:44","date_gmt":"2017-05-11T17:27:44","guid":{"rendered":"http:\/\/botanik.com.br\/site\/?product=essencia-11ml-cha-verde-bambu"},"modified":"2021-01-13T16:48:34","modified_gmt":"2021-01-13T16:48:34","slug":"essencia-11ml-cha-verde-bambu","status":"publish","type":"product","link":"https:\/\/botanik.com.br\/site\/?product=essencia-11ml-cha-verde-bambu","title":{"rendered":"Ess\u00eancia 11ml &#8211; Ch\u00e1 Verde &amp; Bamb\u00fa"},"content":{"rendered":"","protected":false},"excerpt":{"rendered":"","protected":false},"featured_media":1497,"template":"","meta":[],"_links":{"self":[{"href":"https:\/\/botanik.com.br\/site\/index.php?rest_route=\/wp\/v2\/product\/1506"}],"collection":[{"href":"https:\/\/botanik.com.br\/site\/index.php?rest_route=\/wp\/v2\/product"}],"about":[{"href":"https:\/\/botanik.com.br\/site\/index.php?rest_route=\/wp\/v2\/types\/product"}],"wp:featuredmedia":[{"embeddable":true,"href":"https:\/\/botanik.com.br\/site\/index.php?rest_route=\/wp\/v2\/media\/1497"}],"wp:attachment":[{"href":"https:\/\/botanik.com.br\/site\/index.php?rest_route=%2Fwp%2Fv2%2Fmedia&parent=1506"}],"curies":[{"name":"wp","href":"https:\/\/api.w.org\/{rel}","templated":true}]}}