{"id":1466,"date":"2017-05-09T20:12:48","date_gmt":"2017-05-09T20:12:48","guid":{"rendered":"http:\/\/botanik.com.br\/site\/?post_type=product&#038;p=1466"},"modified":"2021-01-13T14:54:16","modified_gmt":"2021-01-13T14:54:16","slug":"difusor-de-varetas-fantasy-350-ml","status":"publish","type":"product","link":"https:\/\/botanik.com.br\/site\/?product=difusor-de-varetas-fantasy-350-ml","title":{"rendered":"Difusor de Varetas Fantasy 350ml"},"content":{"rendered":"<p>Romance, delicadeza e feminilidade combinam com os acordes<br \/>\nflorais de Fantasy, tais como: Jasmim, L\u00edrio do Vale, P\u00eassego, Violeta,<br \/>\nMa\u00e7\u00e3 e Chocolate. Trazendo ao ambiente sensa\u00e7\u00e3o de relaxamento<br \/>\ne bem-estar. (Floral Frutal)<\/p>\n","protected":false},"excerpt":{"rendered":"<p>Romance, delicadeza e feminilidade combinam com os acordes florais de Fantasy, tais como: Jasmim, L\u00edrio do Vale, P\u00eassego, Violeta, Ma\u00e7\u00e3 e Chocolate. Trazendo ao ambiente sensa\u00e7\u00e3o de relaxamento e bem-estar. (Floral Frutal)<\/p>\n","protected":false},"featured_media":1467,"template":"","meta":[],"_links":{"self":[{"href":"https:\/\/botanik.com.br\/site\/index.php?rest_route=\/wp\/v2\/product\/1466"}],"collection":[{"href":"https:\/\/botanik.com.br\/site\/index.php?rest_route=\/wp\/v2\/product"}],"about":[{"href":"https:\/\/botanik.com.br\/site\/index.php?rest_route=\/wp\/v2\/types\/product"}],"wp:featuredmedia":[{"embeddable":true,"href":"https:\/\/botanik.com.br\/site\/index.php?rest_route=\/wp\/v2\/media\/1467"}],"wp:attachment":[{"href":"https:\/\/botanik.com.br\/site\/index.php?rest_route=%2Fwp%2Fv2%2Fmedia&parent=1466"}],"curies":[{"name":"wp","href":"https:\/\/api.w.org\/{rel}","templated":true}]}}