{"id":139,"date":"2016-04-06T18:46:52","date_gmt":"2016-04-06T18:46:52","guid":{"rendered":"http:\/\/localhost:8888\/botanik\/?post_type=product&#038;p=139"},"modified":"2021-01-13T14:54:20","modified_gmt":"2021-01-13T14:54:20","slug":"difusor-de-varetas-alecrim","status":"publish","type":"product","link":"https:\/\/botanik.com.br\/site\/?product=difusor-de-varetas-alecrim","title":{"rendered":"Difusor de Varetas Alecrim 350ml"},"content":{"rendered":"<p>Equil\u00edbrio de acordes florais verdes com Bergamota, Jasmim, Alecrim,<br \/>\nL\u00edrio do Vale e S\u00e2ndalo que se misturam transmitindo frescor,<br \/>\nleveza e alegria, al\u00e9m de ser estimulante e energizante, criando uma<br \/>\natmosfera de limpeza e expans\u00e3o. (Herbal Floral)<\/p>\n","protected":false},"excerpt":{"rendered":"<p>Voc\u00ea sabia que os antigos acreditavam que o alecrim refor\u00e7ava a mem\u00f3ria? A fuma\u00e7a era inalada como prote\u00e7\u00e3o contra a tontura e a fraqueza mental, a erva era queimada em escolas e universidades a fim de inspirar os estudantes.<br \/>\nPesquisadores japoneses descobriram ind\u00edcios preliminares de que o alecrim de fato melhora a mem\u00f3ria. O alecrim era queimado pelos pobres em lugar de incenso.<br \/>\nAt\u00e9 o s\u00e9culo 20, as fragrantes folhas eram queimadas em hospitais franceses para purificar o ar.<\/p>\n<p>Sinta esse aroma e deixe sua casa perfumada com o Aromatizador de Ambientes Alecrim Botanik Kosmetics!<\/p>\n","protected":false},"featured_media":847,"template":"","meta":[],"_links":{"self":[{"href":"https:\/\/botanik.com.br\/site\/index.php?rest_route=\/wp\/v2\/product\/139"}],"collection":[{"href":"https:\/\/botanik.com.br\/site\/index.php?rest_route=\/wp\/v2\/product"}],"about":[{"href":"https:\/\/botanik.com.br\/site\/index.php?rest_route=\/wp\/v2\/types\/product"}],"wp:featuredmedia":[{"embeddable":true,"href":"https:\/\/botanik.com.br\/site\/index.php?rest_route=\/wp\/v2\/media\/847"}],"wp:attachment":[{"href":"https:\/\/botanik.com.br\/site\/index.php?rest_route=%2Fwp%2Fv2%2Fmedia&parent=139"}],"curies":[{"name":"wp","href":"https:\/\/api.w.org\/{rel}","templated":true}]}}