{"id":1387,"date":"2017-05-05T01:17:13","date_gmt":"2017-05-05T01:17:13","guid":{"rendered":"http:\/\/botanik.com.br\/site\/?post_type=product&#038;p=1387"},"modified":"2021-01-13T16:49:18","modified_gmt":"2021-01-13T16:49:18","slug":"gel-alcoolico-antisseptico-30g","status":"publish","type":"product","link":"https:\/\/botanik.com.br\/site\/?product=gel-alcoolico-antisseptico-30g","title":{"rendered":"Gel Alco\u00f3lico Antiss\u00e9ptico 30g"},"content":{"rendered":"<p>O Gel Antiss\u00e9ptico Botanik hidrata<br \/>\na pele e elimina 99,99%* dos<br \/>\ngermes e bact\u00e9rias em 30<br \/>\nsegundos ap\u00f3s a aplica\u00e7\u00e3o,<br \/>\nprotegendo voc\u00ea de enfermidades.<br \/>\nEsse \u00e9 o primeiro passo para<br \/>\nficarmos longes de v\u00edrus como o<br \/>\nH1N1 e ainda por cima deixar suas<br \/>\nm\u00e3os hidratadas e macias.<\/p>\n","protected":false},"excerpt":{"rendered":"<p>O Gel Antiss\u00e9ptico Botanik hidrata a pele e elimina 99,99%* dos germes e bact\u00e9rias em 30 segundos ap\u00f3s a aplica\u00e7\u00e3o, protegendo voc\u00ea de enfermidades. Esse \u00e9 o primeiro passo para ficarmos longes de v\u00edrus como o H1N1 e ainda por cima deixar suas m\u00e3os hidratadas e macias.<\/p>\n","protected":false},"featured_media":1401,"template":"","meta":[],"_links":{"self":[{"href":"https:\/\/botanik.com.br\/site\/index.php?rest_route=\/wp\/v2\/product\/1387"}],"collection":[{"href":"https:\/\/botanik.com.br\/site\/index.php?rest_route=\/wp\/v2\/product"}],"about":[{"href":"https:\/\/botanik.com.br\/site\/index.php?rest_route=\/wp\/v2\/types\/product"}],"wp:featuredmedia":[{"embeddable":true,"href":"https:\/\/botanik.com.br\/site\/index.php?rest_route=\/wp\/v2\/media\/1401"}],"wp:attachment":[{"href":"https:\/\/botanik.com.br\/site\/index.php?rest_route=%2Fwp%2Fv2%2Fmedia&parent=1387"}],"curies":[{"name":"wp","href":"https:\/\/api.w.org\/{rel}","templated":true}]}}