{"id":1339,"date":"2017-05-03T19:56:25","date_gmt":"2017-05-03T19:56:25","guid":{"rendered":"http:\/\/botanik.com.br\/site\/?post_type=product&#038;p=1339"},"modified":"2021-01-13T16:35:41","modified_gmt":"2021-01-13T16:35:41","slug":"creme-facial-brilho-de-perola","status":"publish","type":"product","link":"https:\/\/botanik.com.br\/site\/?product=creme-facial-brilho-de-perola","title":{"rendered":"Creme Brilho de P\u00e9rola 30g"},"content":{"rendered":"","protected":false},"excerpt":{"rendered":"<p>Desenvolvido com p\u00f3 de p\u00e9rola rico em minerais, amino\u00e1cidos e alfa hidroxi\u00e1cidos os quais auxiliam na preven\u00e7\u00e3o de linhas e express\u00f5es e no est\u00edmulo \u00e0 renova\u00e7\u00e3o celular, prevenindo o envelhecimento cut\u00e2neo. Uso milenar na China.<\/p>\n","protected":false},"featured_media":1340,"template":"","meta":[],"_links":{"self":[{"href":"https:\/\/botanik.com.br\/site\/index.php?rest_route=\/wp\/v2\/product\/1339"}],"collection":[{"href":"https:\/\/botanik.com.br\/site\/index.php?rest_route=\/wp\/v2\/product"}],"about":[{"href":"https:\/\/botanik.com.br\/site\/index.php?rest_route=\/wp\/v2\/types\/product"}],"wp:featuredmedia":[{"embeddable":true,"href":"https:\/\/botanik.com.br\/site\/index.php?rest_route=\/wp\/v2\/media\/1340"}],"wp:attachment":[{"href":"https:\/\/botanik.com.br\/site\/index.php?rest_route=%2Fwp%2Fv2%2Fmedia&parent=1339"}],"curies":[{"name":"wp","href":"https:\/\/api.w.org\/{rel}","templated":true}]}}