{"id":1337,"date":"2017-05-03T19:53:49","date_gmt":"2017-05-03T19:53:49","guid":{"rendered":"http:\/\/botanik.com.br\/site\/?post_type=product&#038;p=1337"},"modified":"2021-01-13T16:35:41","modified_gmt":"2021-01-13T16:35:41","slug":"creme-snake-venom-com-veneno-de-cobra","status":"publish","type":"product","link":"https:\/\/botanik.com.br\/site\/?product=creme-snake-venom-com-veneno-de-cobra","title":{"rendered":"Creme Efeito Lifting Snake Venom-Like 50g"},"content":{"rendered":"<p>EFEITO LIFTING IMEDIATO<br \/>\nPromove firmeza e aspecto muito mais<br \/>\njovem \u00e0 pele proporcionado por<br \/>\nsubst\u00e2ncias tensoras que atenuam<br \/>\nmarcas de express\u00e3o por promover o<br \/>\nefeito lifting imediato, deixando a pele<br \/>\nmais luminosa, macia e hidratada.<\/p>\n","protected":false},"excerpt":{"rendered":"<p>Desenvolvido com ativo que atenua a contra\u00e7\u00e3o muscular e evita a forma\u00e7\u00e3o de rugas e linhas de express\u00e3o. Conta tamb\u00e9m com ativos que estimulam a regenera\u00e7\u00e3o da epiderme, prevenindo o envelhecimento cut\u00e2neo com efeito hidratante imediato.<\/p>\n","protected":false},"featured_media":1822,"template":"","meta":[],"_links":{"self":[{"href":"https:\/\/botanik.com.br\/site\/index.php?rest_route=\/wp\/v2\/product\/1337"}],"collection":[{"href":"https:\/\/botanik.com.br\/site\/index.php?rest_route=\/wp\/v2\/product"}],"about":[{"href":"https:\/\/botanik.com.br\/site\/index.php?rest_route=\/wp\/v2\/types\/product"}],"wp:featuredmedia":[{"embeddable":true,"href":"https:\/\/botanik.com.br\/site\/index.php?rest_route=\/wp\/v2\/media\/1822"}],"wp:attachment":[{"href":"https:\/\/botanik.com.br\/site\/index.php?rest_route=%2Fwp%2Fv2%2Fmedia&parent=1337"}],"curies":[{"name":"wp","href":"https:\/\/api.w.org\/{rel}","templated":true}]}}