{"id":1333,"date":"2017-05-03T19:41:08","date_gmt":"2017-05-03T19:41:08","guid":{"rendered":"http:\/\/botanik.com.br\/site\/?post_type=product&#038;p=1333"},"modified":"2021-01-13T16:35:42","modified_gmt":"2021-01-13T16:35:42","slug":"hidratante-face-nanowhitening","status":"publish","type":"product","link":"https:\/\/botanik.com.br\/site\/?product=hidratante-face-nanowhitening","title":{"rendered":"Hidratante Facial Nanowhitening 50g"},"content":{"rendered":"","protected":false},"excerpt":{"rendered":"<p>Melhora a textura da pele, revitalizando e hidratando. Confere uniformidade \u00e0 colora\u00e7\u00e3o da pele, recuperando o brilho e a luminosidade.<\/p>\n","protected":false},"featured_media":1334,"template":"","meta":[],"_links":{"self":[{"href":"https:\/\/botanik.com.br\/site\/index.php?rest_route=\/wp\/v2\/product\/1333"}],"collection":[{"href":"https:\/\/botanik.com.br\/site\/index.php?rest_route=\/wp\/v2\/product"}],"about":[{"href":"https:\/\/botanik.com.br\/site\/index.php?rest_route=\/wp\/v2\/types\/product"}],"wp:featuredmedia":[{"embeddable":true,"href":"https:\/\/botanik.com.br\/site\/index.php?rest_route=\/wp\/v2\/media\/1334"}],"wp:attachment":[{"href":"https:\/\/botanik.com.br\/site\/index.php?rest_route=%2Fwp%2Fv2%2Fmedia&parent=1333"}],"curies":[{"name":"wp","href":"https:\/\/api.w.org\/{rel}","templated":true}]}}