{"id":133,"date":"2016-04-06T18:38:55","date_gmt":"2016-04-06T18:38:55","guid":{"rendered":"http:\/\/localhost:8888\/botanik\/?post_type=product&#038;p=133"},"modified":"2021-01-13T16:49:18","modified_gmt":"2021-01-13T16:49:18","slug":"creme-de-massagem-orquidea","status":"publish","type":"product","link":"https:\/\/botanik.com.br\/site\/?product=creme-de-massagem-orquidea","title":{"rendered":"Creme de Massagem Orqu\u00eddea 650g"},"content":{"rendered":"","protected":false},"excerpt":{"rendered":"<p>O Creme de Massagem Orqu\u00eddea possui ativos com a\u00e7\u00e3o hidratante e amaciante, indicado para todos os tipos de pele. Com um perfume suave e relaxante.<\/p>\n","protected":false},"featured_media":919,"template":"","meta":[],"_links":{"self":[{"href":"https:\/\/botanik.com.br\/site\/index.php?rest_route=\/wp\/v2\/product\/133"}],"collection":[{"href":"https:\/\/botanik.com.br\/site\/index.php?rest_route=\/wp\/v2\/product"}],"about":[{"href":"https:\/\/botanik.com.br\/site\/index.php?rest_route=\/wp\/v2\/types\/product"}],"wp:featuredmedia":[{"embeddable":true,"href":"https:\/\/botanik.com.br\/site\/index.php?rest_route=\/wp\/v2\/media\/919"}],"wp:attachment":[{"href":"https:\/\/botanik.com.br\/site\/index.php?rest_route=%2Fwp%2Fv2%2Fmedia&parent=133"}],"curies":[{"name":"wp","href":"https:\/\/api.w.org\/{rel}","templated":true}]}}