{"id":1327,"date":"2017-05-03T19:33:32","date_gmt":"2017-05-03T19:33:32","guid":{"rendered":"http:\/\/botanik.com.br\/site\/?post_type=product&#038;p=1327"},"modified":"2021-01-13T16:35:42","modified_gmt":"2021-01-13T16:35:42","slug":"hidratante-face-eyes","status":"publish","type":"product","link":"https:\/\/botanik.com.br\/site\/?product=hidratante-face-eyes","title":{"rendered":"Creme Facial Iluminador do Olhar 15g"},"content":{"rendered":"","protected":false},"excerpt":{"rendered":"<p>Atua estimulando a microcircula\u00e7\u00e3o e regenerando a pele, prevenindo o envelhecimento cut\u00e2neo.<\/p>\n","protected":false},"featured_media":1328,"template":"","meta":[],"_links":{"self":[{"href":"https:\/\/botanik.com.br\/site\/index.php?rest_route=\/wp\/v2\/product\/1327"}],"collection":[{"href":"https:\/\/botanik.com.br\/site\/index.php?rest_route=\/wp\/v2\/product"}],"about":[{"href":"https:\/\/botanik.com.br\/site\/index.php?rest_route=\/wp\/v2\/types\/product"}],"wp:featuredmedia":[{"embeddable":true,"href":"https:\/\/botanik.com.br\/site\/index.php?rest_route=\/wp\/v2\/media\/1328"}],"wp:attachment":[{"href":"https:\/\/botanik.com.br\/site\/index.php?rest_route=%2Fwp%2Fv2%2Fmedia&parent=1327"}],"curies":[{"name":"wp","href":"https:\/\/api.w.org\/{rel}","templated":true}]}}