{"id":132,"date":"2016-04-06T18:38:08","date_gmt":"2016-04-06T18:38:08","guid":{"rendered":"http:\/\/localhost:8888\/botanik\/?post_type=product&#038;p=132"},"modified":"2021-01-13T16:49:18","modified_gmt":"2021-01-13T16:49:18","slug":"creme-de-massagem-neutro","status":"publish","type":"product","link":"https:\/\/botanik.com.br\/site\/?product=creme-de-massagem-neutro","title":{"rendered":"Creme de Massagem Neutro 650g"},"content":{"rendered":"","protected":false},"excerpt":{"rendered":"<p>O Creme Neutro \u00e9 indicado para todos os tipos de massagem e oferece a possibilidade de adicionar \u00f3leos essenciais ou outros componentes de acordo com a necessidade do cliente. Garante perfeito deslisamento das m\u00e3os durante a massagem.<\/p>\n","protected":false},"featured_media":920,"template":"","meta":[],"_links":{"self":[{"href":"https:\/\/botanik.com.br\/site\/index.php?rest_route=\/wp\/v2\/product\/132"}],"collection":[{"href":"https:\/\/botanik.com.br\/site\/index.php?rest_route=\/wp\/v2\/product"}],"about":[{"href":"https:\/\/botanik.com.br\/site\/index.php?rest_route=\/wp\/v2\/types\/product"}],"wp:featuredmedia":[{"embeddable":true,"href":"https:\/\/botanik.com.br\/site\/index.php?rest_route=\/wp\/v2\/media\/920"}],"wp:attachment":[{"href":"https:\/\/botanik.com.br\/site\/index.php?rest_route=%2Fwp%2Fv2%2Fmedia&parent=132"}],"curies":[{"name":"wp","href":"https:\/\/api.w.org\/{rel}","templated":true}]}}